{"id":2,"date":"2012-04-08T18:14:27","date_gmt":"2012-04-08T18:14:27","guid":{"rendered":"http:\/\/sites.uac.pt\/rteixeira\/"},"modified":"2024-11-17T13:13:53","modified_gmt":"2024-11-17T14:13:53","slug":"home","status":"publish","type":"page","link":"https:\/\/sites.uac.pt\/rteixeira\/","title":{"rendered":"Home"},"content":{"rendered":"<p><a href=\"http:\/\/sites.uac.pt\/rteixeira\/files\/2024\/09\/Ricardo-Teixeira-C.png\"><img loading=\"lazy\" decoding=\"async\" class=\"alignnone  wp-image-2017\" src=\"http:\/\/sites.uac.pt\/rteixeira\/files\/2024\/09\/Ricardo-Teixeira-C-241x300.png\" alt=\"\" width=\"188\" height=\"234\" srcset=\"https:\/\/sites.uac.pt\/rteixeira\/files\/2024\/09\/Ricardo-Teixeira-C-241x300.png 241w, https:\/\/sites.uac.pt\/rteixeira\/files\/2024\/09\/Ricardo-Teixeira-C.png 658w\" sizes=\"auto, (max-width: 188px) 100vw, 188px\" \/><\/a><\/p>\n<p>Professor Associado da Faculdade de Ci\u00eancias e Tecnologia da <a href=\"http:\/\/www.uac.pt\" target=\"_blank\" rel=\"noopener noreferrer\">Universidade dos A\u00e7ores<\/a>.<\/p>\n<p><span style=\"color: #008080\"><strong>Forma\u00e7\u00e3o acad\u00e9mica:<\/strong><\/span> Doutoramento em Matem\u00e1tica, pela Universidade dos A\u00e7ores, em 2008; Mestrado e Licenciatura em Matem\u00e1tica, pela Faculdade de Ci\u00eancias e Tecnologia da Universidade de Coimbra, em 2002 e 1999.<\/p>\n<p><span style=\"color: #008080\"><strong>Cargos atuais:<\/strong><\/span> Pr\u00f3-Reitor para a Qualidade e Inova\u00e7\u00e3o Pedag\u00f3gica da Universidade dos A\u00e7ores; Membro do N\u00facleo Interdisciplinar da Crian\u00e7a e do Adolescente da Universidade dos A\u00e7ores (NICA); Membro do Conselho Editorial do <a href=\"https:\/\/ludicum.org\/jornal-das-primeras-matematicas\/\" target=\"_blank\" rel=\"noopener noreferrer\">Jornal das Primeiras Matem\u00e1ticas<\/a>.<\/p>\n<p><span style=\"color: #008080\"><strong>Interesses cient\u00edficos:<\/strong> <\/span>Temas de Matem\u00e1tica Aplicada com enfoque na Matem\u00e1tica Elementar, na Matem\u00e1tica Recreativa e no Estudo de Simetrias e Antissimetrias.<\/p>\n<p><span style=\"color: #008080\"><strong>Curriculum Vitae:<\/strong> <\/span><a href=\"https:\/\/www.cienciavitae.pt\/pt\/7017-436A-3CFF\" target=\"_blank\" rel=\"noopener noreferrer\">Ci\u00eancia Vitae<\/a><\/p>\n<p><span style=\"color: #008080\"><strong>Nota curricular:<\/strong> <\/span>Ricardo Cunha Teixeira \u00e9 Professor Associado da Faculdade de Ci\u00eancias e Tecnologia da Universidade dos A\u00e7ores. \u00c9 licenciado e mestre em Matem\u00e1tica pela Faculdade de Ci\u00eancias e Tecnologia da Universidade de Coimbra e doutorado em Matem\u00e1tica pela Universidade dos A\u00e7ores. Tem sido respons\u00e1vel pela leciona\u00e7\u00e3o de unidades curriculares como Matem\u00e1tica\/Matem\u00e1tica Aplicada \u00e0s Ci\u00eancias Biol\u00f3gicas (Licenciaturas em Biologia, em Ci\u00eancias Biol\u00f3gicas e da Sa\u00fade, em Ci\u00eancias do Mar e em Prote\u00e7\u00e3o Civil e Gest\u00e3o de Riscos), Aplica\u00e7\u00f5es da Matem\u00e1tica (Licenciatura em Educa\u00e7\u00e3o B\u00e1sica), Fundamentos e Aplica\u00e7\u00f5es da Matem\u00e1tica Elementar, Metodologia do Ensino da Matem\u00e1tica e Oficina de Did\u00e1ticas em Educa\u00e7\u00e3o Pr\u00e9-Escolar\/1.\u00ba Ciclo do Ensino B\u00e1sico (Mestrado em Educa\u00e7\u00e3o Pr\u00e9-Escolar e Ensino do 1.\u00ba Ciclo do Ensino B\u00e1sico). Tamb\u00e9m foi respons\u00e1vel pela leciona\u00e7\u00e3o de m\u00f3dulos no Ciclo B\u00e1sico de Medicina e no Mestrado em Matem\u00e1tica para Professores. Ao longo dos anos, tem orientado v\u00e1rios relat\u00f3rios de est\u00e1gio e disserta\u00e7\u00f5es de mestrado. \u00c9 membro fundador do NICA &#8211; N\u00facleo Interdisciplinar da Crian\u00e7a e do Adolescente da Universidade dos A\u00e7ores. Os seus interesses cient\u00edficos centram-se em temas de Matem\u00e1tica Aplicada, nomeadamente na Matem\u00e1tica Elementar e no Estudo de Simetrias e Antissimetrias. Ao longo dos anos, tem participado em variados encontros nacionais e internacionais de Matem\u00e1tica Elementar e de Matem\u00e1tica Recreativa. Tem integrado as comiss\u00f5es organizadora e cient\u00edfica de diversas edi\u00e7\u00f5es de eventos e de iniciativas nacionais e internacionais, nomeadamente: &#8220;Recreational Mathematics Colloquium&#8221;, &#8220;CIICA &#8211; Congresso Internacional Interdisciplinar da Crian\u00e7a e do Adolescente&#8221;, &#8220;Novas estrat\u00e9gias para a Aprendizagem da Matem\u00e1tica&#8221; e &#8220;Re&#8230;Pensar o Ensino da Matem\u00e1tica: Din\u00e2micas de Promo\u00e7\u00e3o do Sucesso Escolar&#8221;. Desempenhou as fun\u00e7\u00f5es de coordena\u00e7\u00e3o cient\u00edfica e did\u00e1tica do Projeto Prof DA, do Programa &#8220;ProSucesso &#8211; A\u00e7ores pela Educa\u00e7\u00e3o&#8221;, do Governo Regional dos A\u00e7ores, por interm\u00e9dio das oficinas de forma\u00e7\u00e3o &#8220;Matem\u00e1tica Passo a Passo&#8221;, para os 1.\u00ba e 2.\u00ba Ciclos do Ensino B\u00e1sico, entre setembro de 2015 e julho de 2021. Desempenhou igualmente as fun\u00e7\u00f5es de coordena\u00e7\u00e3o cient\u00edfica e did\u00e1tica das sess\u00f5es &#8220;Matem\u00e1tica Passo a Passo&#8221;, das temporadas 1 e 2 do programa &#8220;Aprender em Casa&#8221;, da RTP A\u00e7ores. Ao longo dos anos, tem sido respons\u00e1vel pela co-organiza\u00e7\u00e3o de numerosos eventos de divulga\u00e7\u00e3o da Ci\u00eancia e da Matem\u00e1tica, dos quais se destacam &#8220;Um passeio pela Ci\u00eancia&#8221;, &#8220;Tardes de Matem\u00e1tica-A\u00e7ores&#8221;, &#8220;Campeonato Regional de Jogos Matem\u00e1ticos&#8221;, &#8220;Matemagicol\u00e2ndia&#8221; e &#8220;Escola de Ver\u00e3o de Matem\u00e1tica &#8211; Cinco dias, Cinco temas&#8221;. \u00c9 autor de numerosos artigos de divulga\u00e7\u00e3o na impressa e foi respons\u00e1vel pela r\u00fabrica &#8220;A Matem\u00e1tica ao seu encontro&#8221;, no programa &#8220;A\u00e7ores Hoje&#8221;, da RTP A\u00e7ores.<\/p>\n<p><span style=\"color: #008080\"><strong>Morada:<\/strong><\/span>\u00a0<em>Faculdade de Ci\u00eancias e Tecnologia da Universidade dos A\u00e7ores, Campus de Ponta Delgada, Rua da M\u00e3e de Deus, 9500-321 Ponta Delgada, Portugal<\/em><\/p>\n<p><span style=\"color: #008080\"><strong>E-mail:<\/strong><\/span> <a href=\"mailto:ricardo.ec.teixeira@uac.pt\">ricardo.ec.teixeira[at]uac.pt<\/a><\/p>\n<p><span style=\"color: #008080\"><strong>Telefone:<\/strong><\/span> (+351) 296 650 510<\/p>\n","protected":false},"excerpt":{"rendered":"<p>Professor Associado da Faculdade de Ci\u00eancias e Tecnologia da Universidade dos A\u00e7ores. Forma\u00e7\u00e3o acad\u00e9mica: Doutoramento em Matem\u00e1tica, pela Universidade dos A\u00e7ores, em 2008; Mestrado e Licenciatura em Matem\u00e1tica, pela Faculdade de Ci\u00eancias e Tecnologia da Universidade de Coimbra, em 2002 e 1999. Cargos atuais: Pr\u00f3-Reitor para a Qualidade e Inova\u00e7\u00e3o Pedag\u00f3gica da Universidade dos A\u00e7ores; [&hellip;]<\/p>\n","protected":false},"author":282,"featured_media":0,"parent":0,"menu_order":0,"comment_status":"closed","ping_status":"closed","template":"","meta":{"_monsterinsights_skip_tracking":false,"_monsterinsights_sitenote_active":false,"_monsterinsights_sitenote_note":"","_monsterinsights_sitenote_category":0,"footnotes":""},"class_list":["post-2","page","type-page","status-publish","hentry"],"_links":{"self":[{"href":"https:\/\/sites.uac.pt\/rteixeira\/wp-json\/wp\/v2\/pages\/2","targetHints":{"allow":["GET"]}}],"collection":[{"href":"https:\/\/sites.uac.pt\/rteixeira\/wp-json\/wp\/v2\/pages"}],"about":[{"href":"https:\/\/sites.uac.pt\/rteixeira\/wp-json\/wp\/v2\/types\/page"}],"author":[{"embeddable":true,"href":"https:\/\/sites.uac.pt\/rteixeira\/wp-json\/wp\/v2\/users\/282"}],"replies":[{"embeddable":true,"href":"https:\/\/sites.uac.pt\/rteixeira\/wp-json\/wp\/v2\/comments?post=2"}],"version-history":[{"count":104,"href":"https:\/\/sites.uac.pt\/rteixeira\/wp-json\/wp\/v2\/pages\/2\/revisions"}],"predecessor-version":[{"id":2103,"href":"https:\/\/sites.uac.pt\/rteixeira\/wp-json\/wp\/v2\/pages\/2\/revisions\/2103"}],"wp:attachment":[{"href":"https:\/\/sites.uac.pt\/rteixeira\/wp-json\/wp\/v2\/media?parent=2"}],"curies":[{"name":"wp","href":"https:\/\/api.w.org\/{rel}","templated":true}]}}