{"id":1580,"date":"2020-01-20T10:01:28","date_gmt":"2020-01-20T11:01:28","guid":{"rendered":"http:\/\/sites.uac.pt\/rteixeira\/?page_id=1580"},"modified":"2024-09-20T10:01:59","modified_gmt":"2024-09-20T10:01:59","slug":"publicacoes-ensino","status":"publish","type":"page","link":"https:\/\/sites.uac.pt\/rteixeira\/publicacoes-ensino\/","title":{"rendered":"Publica\u00e7\u00f5es para o ensino"},"content":{"rendered":"\n<p><span style=\"color: #008080\"><strong>Guias pr\u00e1ticos para educadores e professores:<\/strong><\/span><\/p>\n<ul>\n<li><a href=\"https:\/\/www.letraslavadas.pt\/educacao\/cartomat-matematica\/\" target=\"_blank\" rel=\"noopener noreferrer\">CartoMat: Vamos Jogar e Dar Cartas em Matem\u00e1tica<\/a> (Autores: Ana Alves, Andrea Viveiros e Ant\u00f3nio Carvalho; Coordena\u00e7\u00e3o cient\u00edfica: Ricardo Cunha Teixeira), Letras Lavadas Edi\u00e7\u00f5es, 2019. [<a href=\"https:\/\/www.facebook.com\/acores.hoje\/videos\/620319088998503\" target=\"_blank\" rel=\"noopener noreferrer\">Programa &#8220;A\u00e7ores Hoje&#8221;<\/a>, de 20 de outubro de 2021]<\/li>\n<\/ul>\n<p style=\"text-align: center\"><img loading=\"lazy\" decoding=\"async\" class=\"size-medium wp-image-117 aligncenter\" src=\"https:\/\/sites.uac.pt\/rteixeira\/files\/2020\/01\/CartoMat.png\" alt=\"CartoMat: Vamos Jogar e Dar Cartas em Matem\u00e1tica\" width=\"90\" height=\"130\"><\/p>\n<ul>\n<li><a href=\"https:\/\/www.letraslavadas.pt\/educacao\/a-estrela-alegria-matematica\/\" target=\"_blank\" rel=\"noopener noreferrer\">A Estrela Alegria\u2026 E os seus 10 amigos<\/a> (Autores: Ana Isabel D&#8217;Arruda, Cristiana Pacheco e Elsa Marques; Coordena\u00e7\u00e3o cient\u00edfica: Ricardo Cunha Teixeira; Ilustra\u00e7\u00e3o: Elsa Marques), Letras Lavadas Edi\u00e7\u00f5es, 2019.<\/li>\n<\/ul>\n<p style=\"text-align: center\"><img loading=\"lazy\" decoding=\"async\" class=\"size-medium wp-image-117 aligncenter\" src=\"https:\/\/sites.uac.pt\/rteixeira\/files\/2020\/01\/Estrela-Alegria.png\" alt=\"A Estrela Alegria\u2026 E os seus 10 amigos\" width=\"100\" height=\"130\"><\/p>\n<ul>\n<li><a href=\"https:\/\/www.letraslavadas.pt\/educacao\/a-descoberta-das-figuras-misterio\/\" target=\"_blank\" rel=\"noopener noreferrer\">\u00c0 Descoberta das Figuras Mist\u00e9rio<\/a> (Autores: Emanuel Santos e Marco Lima; Coordena\u00e7\u00e3o cient\u00edfica: Ricardo Cunha Teixeira; Design das figuras: Elsa Marques e Maria Emanuel Teves), Letras Lavadas Edi\u00e7\u00f5es, 2017. [<a href=\"https:\/\/youtu.be\/SL38J-hgem0\" target=\"_blank\" rel=\"noopener noreferrer\">Programa &#8220;A\u00e7ores Hoje&#8221;<\/a>, de 25 de setembro de 2017]<\/li>\n<\/ul>\n<p style=\"text-align: center\"><img loading=\"lazy\" decoding=\"async\" class=\"size-medium wp-image-117 aligncenter\" src=\"https:\/\/sites.uac.pt\/rteixeira\/files\/2017\/09\/Figuras-Misterio.png\" alt=\"\u00c0 Descoberta das Figuras Mist\u00e9rio\" width=\"90\" height=\"130\"><\/p>\n<ul>\n<li><a href=\"https:\/\/sites.uac.pt\/rteixeira\/files\/2014\/08\/PadroesNatureza-CapaFinal-VF-Ed.jpg\" target=\"_blank\" rel=\"noopener noreferrer\">\u00c0 Descoberta de Padr\u00f5es na Natureza!<\/a> (Autores: Carla Machado, L\u00facia Pontes, Melissa Garcia e Raquel Medeiros; Coordena\u00e7\u00e3o: Ricardo Cunha Teixeira), Letras Lavadas Edi\u00e7\u00f5es, 2014. [<a href=\"https:\/\/sites.uac.pt\/rteixeira\/files\/2014\/10\/AT-13-10-2014-7.pdf\" target=\"_blank\" rel=\"noopener noreferrer\">Entrevista ao jornal Atl\u00e2ntico Expresso<\/a>, de 13 de outubro de 2014]<\/li>\n<\/ul>\n<p style=\"text-align: center\"><img loading=\"lazy\" decoding=\"async\" class=\"size-medium wp-image-117 aligncenter\" src=\"https:\/\/sites.uac.pt\/rteixeira\/files\/2014\/08\/PadroesNatureza-CapaFinal-VF-Ed.jpg\" alt=\"\u00c0 Descoberta de Padr\u00f5es na Natureza!\" width=\"130\" height=\"90\"><\/p>\n<p><span style=\"color: #008080\"><strong>Cadernos de atividades para o Ensino B\u00e1sico:<\/strong><\/span><\/p>\n<ul>\n<li><a href=\"https:\/\/www.letraslavadas.pt\/?s=matem\u00e1tica+passo+a+passo&amp;post_type=product\" target=\"_blank\" rel=\"noopener noreferrer\">Matem\u00e1tica Passo a Passo: Caderno do aluno para o 1.\u00ba\/2.\u00ba\/3.\u00ba\/4.\u00ba ano de escolaridade<\/a> (Ana Maria Lima, Concei\u00e7\u00e3o Lima Vaz e Ricardo Cunha Teixeira), Edi\u00e7\u00e3o Revista, Letras Lavadas Edi\u00e7\u00f5es, 2021.<\/li>\n<\/ul>\n<p style=\"text-align: center\"><img loading=\"lazy\" decoding=\"async\" class=\"size-medium wp-image-117 alignnone\" src=\"https:\/\/sites.uac.pt\/rteixeira\/files\/2021\/08\/CA-ano1.png\" alt=\"Matem\u00e1tica Passo a Passo: Caderno do aluno para o 1.\u00ba ano de escolaridade\" width=\"90\" height=\"130\">&nbsp;&nbsp;<img loading=\"lazy\" decoding=\"async\" class=\"size-medium wp-image-117 alignnone\" src=\"https:\/\/sites.uac.pt\/rteixeira\/files\/2021\/08\/CA-ano2.png\" alt=\"Matem\u00e1tica Passo a Passo: Caderno do aluno para o 2.\u00ba ano de escolaridade\" width=\"90\" height=\"130\">&nbsp;&nbsp;<img loading=\"lazy\" decoding=\"async\" class=\"size-medium wp-image-117 alignnone\" src=\"https:\/\/sites.uac.pt\/rteixeira\/files\/2021\/08\/CA-ano3.png\" alt=\"Matem\u00e1tica Passo a Passo: Caderno do aluno para o 3.\u00ba ano de escolaridade\" width=\"90\" height=\"130\">&nbsp;&nbsp;<img loading=\"lazy\" decoding=\"async\" class=\"size-medium wp-image-117 alignnone\" src=\"https:\/\/sites.uac.pt\/rteixeira\/files\/2021\/08\/CA-ano4.png\" alt=\"Matem\u00e1tica Passo a Passo: Caderno do aluno para o 4.\u00ba ano de escolaridade\" width=\"90\" height=\"130\"><\/p>\n<ul>\n<li><a href=\"https:\/\/www.letraslavadas.pt\/?s=matem\u00e1tica+passo+a+passo&amp;post_type=product\" target=\"_blank\" rel=\"noopener noreferrer\">Matem\u00e1tica Passo a Passo: Caderno do aluno para o 5.\u00ba\/6.\u00ba ano de escolaridade, volumes A e B<\/a> (Ana Rosa Furtado, Orlanda Ponte, Raquel Faria e Ricardo Cunha Teixeira), Letras Lavadas Edi\u00e7\u00f5es, 2021.<\/li>\n<\/ul>\n<p style=\"text-align: center\"><img loading=\"lazy\" decoding=\"async\" class=\"size-medium wp-image-117 alignnone\" src=\"https:\/\/sites.uac.pt\/rteixeira\/files\/2021\/08\/CA-ano5A.png\" alt=\"Matem\u00e1tica Passo a Passo: Caderno do aluno para o 5.\u00ba ano de escolaridade (volume A)\" width=\"90\" height=\"130\">&nbsp;&nbsp;<img loading=\"lazy\" decoding=\"async\" class=\"size-medium wp-image-117 alignnone\" src=\"https:\/\/sites.uac.pt\/rteixeira\/files\/2021\/08\/CA-ano5B.png\" alt=\"Matem\u00e1tica Passo a Passo: Caderno do aluno para o 5.\u00ba ano de escolaridade (volume B)\" width=\"90\" height=\"130\">&nbsp;&nbsp;<img loading=\"lazy\" decoding=\"async\" class=\"size-medium wp-image-117 alignnone\" src=\"https:\/\/sites.uac.pt\/rteixeira\/files\/2021\/08\/CA-ano6A.png\" alt=\"Matem\u00e1tica Passo a Passo: Caderno do aluno para o 6.\u00ba ano de escolaridade (volume A)\" width=\"90\" height=\"130\">&nbsp;&nbsp;<img loading=\"lazy\" decoding=\"async\" class=\"size-medium wp-image-117 alignnone\" src=\"https:\/\/sites.uac.pt\/rteixeira\/files\/2021\/08\/CA-ano6B.png\" alt=\"Matem\u00e1tica Passo a Passo: Caderno do aluno para o 6.\u00ba ano de escolaridade (volume B)\" width=\"90\" height=\"130\"><\/p>\n\n\n\n<p><\/p>\n","protected":false},"excerpt":{"rendered":"<p>Guias pr\u00e1ticos para educadores e professores: CartoMat: Vamos Jogar e Dar Cartas em Matem\u00e1tica (Autores: Ana Alves, Andrea Viveiros e Ant\u00f3nio Carvalho; Coordena\u00e7\u00e3o cient\u00edfica: Ricardo Cunha Teixeira), Letras Lavadas Edi\u00e7\u00f5es, 2019. [Programa &#8220;A\u00e7ores Hoje&#8221;, de 20 de outubro de 2021] A Estrela Alegria\u2026 E os seus 10 amigos (Autores: Ana Isabel D&#8217;Arruda, Cristiana Pacheco e [&hellip;]<\/p>\n","protected":false},"author":282,"featured_media":0,"parent":0,"menu_order":36,"comment_status":"closed","ping_status":"closed","template":"","meta":{"_monsterinsights_skip_tracking":false,"_monsterinsights_sitenote_active":false,"_monsterinsights_sitenote_note":"","_monsterinsights_sitenote_category":0,"footnotes":""},"class_list":["post-1580","page","type-page","status-publish","hentry"],"_links":{"self":[{"href":"https:\/\/sites.uac.pt\/rteixeira\/wp-json\/wp\/v2\/pages\/1580","targetHints":{"allow":["GET"]}}],"collection":[{"href":"https:\/\/sites.uac.pt\/rteixeira\/wp-json\/wp\/v2\/pages"}],"about":[{"href":"https:\/\/sites.uac.pt\/rteixeira\/wp-json\/wp\/v2\/types\/page"}],"author":[{"embeddable":true,"href":"https:\/\/sites.uac.pt\/rteixeira\/wp-json\/wp\/v2\/users\/282"}],"replies":[{"embeddable":true,"href":"https:\/\/sites.uac.pt\/rteixeira\/wp-json\/wp\/v2\/comments?post=1580"}],"version-history":[{"count":15,"href":"https:\/\/sites.uac.pt\/rteixeira\/wp-json\/wp\/v2\/pages\/1580\/revisions"}],"predecessor-version":[{"id":2010,"href":"https:\/\/sites.uac.pt\/rteixeira\/wp-json\/wp\/v2\/pages\/1580\/revisions\/2010"}],"wp:attachment":[{"href":"https:\/\/sites.uac.pt\/rteixeira\/wp-json\/wp\/v2\/media?parent=1580"}],"curies":[{"name":"wp","href":"https:\/\/api.w.org\/{rel}","templated":true}]}}