{"id":131,"date":"2012-04-09T18:25:41","date_gmt":"2012-04-09T17:25:41","guid":{"rendered":"http:\/\/sites.uac.pt\/rteixeira\/?page_id=131"},"modified":"2025-10-06T22:35:31","modified_gmt":"2025-10-06T22:35:31","slug":"comunicacoes","status":"publish","type":"page","link":"https:\/\/sites.uac.pt\/rteixeira\/comunicacoes\/","title":{"rendered":"Comunica\u00e7\u00f5es"},"content":{"rendered":"<p><span style=\"color: #008080\"><strong>Comunica\u00e7\u00f5es Orais em Encontros Internacionais:<\/strong><\/span><\/p>\n<ul>\n<li><em>Sidewalks of Lisbon and Azores<\/em> (with Alda Carvalho, Carlos Pereira dos Santos and Jorge Nuno Silva), <a href=\"https:\/\/www.bridgesmathart.org\/b2023\/bridges-2023-program-2\/\" target=\"_blank\" rel=\"noopener noreferrer\">Bridges 2023<\/a>, Halifax, Canad\u00e1, 27-30 July, 2023.<\/li>\n<li><em>Investigar o Mundo com um olhar Matem\u00e1tico<\/em>, <a href=\"https:\/\/nicauac.wixsite.com\/vi-cica\" target=\"_blank\" rel=\"noopener noreferrer\">Congresso Internacional Interdisciplinar da Crian\u00e7a e do Adolescente \u2013 CICA VI (6.\u00aa edi\u00e7\u00e3o)<\/a>, Sess\u00f5es online e sess\u00f5es presenciais no Campus de Ponta Delgada da Universidade dos A\u00e7ores, 27 de outubro a 5 de novembro, 2022.<\/li>\n<li><em>Pr\u00e1ticas pedag\u00f3gicas promotoras do c\u00e1lculo mental: contributos para a resolu\u00e7\u00e3o de problemas<\/em> (com Mafalda Reis e Raquel Dinis), <a href=\"https:\/\/nicauac.wixsite.com\/vi-cica\" target=\"_blank\" rel=\"noopener noreferrer\">Congresso Internacional Interdisciplinar da Crian\u00e7a e do Adolescente \u2013 CICA VI (6.\u00aa edi\u00e7\u00e3o)<\/a>, Sess\u00f5es online e sess\u00f5es presenciais no Campus de Ponta Delgada da Universidade dos A\u00e7ores, 27 de outubro a 5 de novembro, 2022.<\/li>\n<li><em>Playing Symmetries. Portuguese Sidewalks<\/em> (with Alda Carvalho, Carlos Pereira dos Santos and Jorge Nuno Silva), <a href=\"https:\/\/symmetrycongress.arq.up.pt\/program-2\/\" target=\"_blank\" rel=\"noopener noreferrer\">Symmetry: Art and Science | 12th SIS-Symmetry Congress<\/a>, Faculdade de Arquitectura da Universidade do Porto, Portugal, 11-16 July, 2022.<\/li>\n<li><em>Experi\u00eancias de Aprendizagem Promotoras de Integra\u00e7\u00e3o Curricular: Potencialidades no Contexto do Ensino-Aprendizagem da Matem\u00e1tica na Educa\u00e7\u00e3o Pr\u00e9-Escolar e no 1.\u00ba Ciclo do Ensino B\u00e1sico<\/em> (com Raquel Dinis e Joana Costa), <a href=\"https:\/\/nicauac.wixsite.com\/iiicica\" target=\"_blank\" rel=\"noopener noreferrer\">Congresso Internacional Interdisciplinar da Crian\u00e7a e do Adolescente \u2013 CICA III (3.\u00aa edi\u00e7\u00e3o)<\/a>, Campus de Ponta Delgada da Universidade dos A\u00e7ores, 25 a 27 de outubro, 2018.<\/li>\n<li><em>As potencialidades da implementa\u00e7\u00e3o de recursos did\u00e1ticos na abordagem do concreto para o abstrato no 1.\u00ba ciclo do ensino b\u00e1sico<\/em> (com Ana Rosa Furtado, Jo\u00e3o Duarte, Paula Medeiros, Z\u00e9lia Faria, Hortense Fonseca, Laudalina Silva e Paula Sousa), <a href=\"https:\/\/cicanica.wixsite.com\/cica\" target=\"_blank\" rel=\"noopener noreferrer\">Congresso Internacional Interdisciplinar da Crian\u00e7a e do Adolescente \u2013 CICA II (2.\u00aa edi\u00e7\u00e3o)<\/a>, Campus de Ponta Delgada da Universidade dos A\u00e7ores, 19 a 21 de outubro, 2017.<\/li>\n<li><em>Step by step math in primary school<\/em> (with Carlos Pereira dos Santos), <a href=\"http:\/\/ludicum.org\/ev\/rm\/17\" target=\"_blank\" rel=\"noopener noreferrer\">Recreational Mathematics Colloquium V<\/a>, Museu Nacional de Hist\u00f3ria Natural e da Ci\u00eancia, Lisboa, Portugal, 28-31 January 2017.<\/li>\n<li><em>Intervention in early numerical competencies: ludic activities and games<\/em> (with L\u00edlia Marcelino), <a href=\"http:\/\/ludicum.org\/ev\/rm\/17\" target=\"_blank\" rel=\"noopener noreferrer\">Recreational Mathematics Colloquium V<\/a>, Museu Nacional de Hist\u00f3ria Natural e da Ci\u00eancia, Lisboa, Portugal, 28-31 January 2017.<\/li>\n<li><em>Symmetry and anti-symmetry in rosettes of Truchet tiles<\/em> (with Andreia Hall and Paulo Almeida), <a href=\"http:\/\/ludicum.org\/ev\/rm\/17\" target=\"_blank\" rel=\"noopener noreferrer\">Recreational Mathematics Colloquium V<\/a>, Museu Nacional de Hist\u00f3ria Natural e da Ci\u00eancia, Lisboa, Portugal, 28-31 January 2017.<\/li>\n<li><em>A resolu\u00e7\u00e3o de problemas como um processo matem\u00e1tico integrador de aprendizagens na educa\u00e7\u00e3o pr\u00e9-escolar e no 1.\u00ba ciclo do ensino b\u00e1sico<\/em> (com Jos\u00e9 Cascalho e Raquel Mendon\u00e7a), <a href=\"http:\/\/sites.uac.pt\/rteixeira\/files\/2017\/05\/I_CICA_Livro_de_Resumos.pdf\" target=\"_blank\" rel=\"noopener noreferrer\">Congresso Internacional Interdisciplinar da Crian\u00e7a e do Adolescente \u2013 CICA I (1.\u00aa edi\u00e7\u00e3o)<\/a>, Campus de Ponta Delgada da Universidade dos A\u00e7ores, 21 e 22 de outubro, 2016.<\/li>\n<li><em>O lugar do jogo na supera\u00e7\u00e3o de dificuldades na Matem\u00e1tica e na Express\u00e3o Pl\u00e1stica, em contexto da Educa\u00e7\u00e3o Pr\u00e9-Escolar e do 1.\u00ba ciclo do Ensino B\u00e1sico<\/em> (com Adolfo Fialho e Sandra Couto Moura), <a href=\"http:\/\/sites.uac.pt\/rteixeira\/files\/2017\/05\/I_CICA_Livro_de_Resumos.pdf\" target=\"_blank\" rel=\"noopener noreferrer\">Congresso Internacional Interdisciplinar da Crian\u00e7a e do Adolescente \u2013 CICA I (1.\u00aa edi\u00e7\u00e3o)<\/a>, Campus de Ponta Delgada da Universidade dos A\u00e7ores, 21 e 22 de outubro, 2016.<\/li>\n<li><em>The symmetries of the Azorean sidewalks in a deck of cards<\/em> (with Alda Carvalho, Carlos Pereira dos Santos and Jorge Nuno Silva), <a href=\"http:\/\/gathering4gardner.org\" target=\"_blank\" rel=\"noopener noreferrer\">Gathering for Gardner 12 (G4G12)<\/a>, Atlanta, USA, March 30-April 3, 2016.<\/li>\n<li><em>Cruzar fronteiras entre a matem\u00e1tica e a cultura: \u00e0 descoberta de simetrias na cal\u00e7ada e no artesanato<\/em> (com Andreia Hall), CiEMeLP 2015 &#8211; Confer\u00eancia Internacional do Espa\u00e7o Matem\u00e1tico em L\u00edngua Portuguesa, Departamento de Matem\u00e1tica da FCTUC, Coimbra, Portugal, 28 a 31 de outubro de 2015.<\/li>\n<li><em>Pisando arte e matem\u00e1tica em Lisboa<\/em> (com Alda Carvalho, Carlos Pereira dos Santos e Jorge Nuno Silva), CiEMeLP 2015 &#8211; Confer\u00eancia Internacional do Espa\u00e7o Matem\u00e1tico em L\u00edngua Portuguesa, Departamento de Matem\u00e1tica da FCTUC, Coimbra, Portugal, 28 a 31 de outubro de 2015.<\/li>\n<li><em>Mathematical Education and Interdisciplinarity: Promoting Public Awareness of Mathematics in the Azores<\/em> (with Jo\u00e3o Miguel Ferreira), 3rd Annual International Interdisciplinary Conference, Ponta Delgada, Azores, Portugal, 8-11 July 2015.<\/li>\n<li><em>Kindergarten activities for early mathematics<\/em> (with Carlos Pereira dos Santos), <a href=\"http:\/\/ludicum.org\/ev\/rm\/15\" target=\"_blank\" rel=\"noopener noreferrer\">Recreational Mathematics Colloquium IV<\/a>, Pavilh\u00e3o do Conhecimento, Lisboa, Portugal, 24-27 January 2015.<\/li>\n<li><em>When in Lisbon, look at the pavement!<\/em> (with Alda Carvalho, Carlos Pereira dos Santos and Jorge Nuno Silva), <a href=\"http:\/\/ludicum.org\/ev\/rm\/15\" target=\"_blank\" rel=\"noopener noreferrer\">Recreational Mathematics Colloquium IV<\/a>, Pavilh\u00e3o do Conhecimento, Lisboa, Portugal, 24-27 January 2015.<\/li>\n<li><em>O jogo e o desenvolvimento de compet\u00eancias num\u00e9ricas no 1.\u00ba ciclo do ensino b\u00e1sico<\/em> (com Jos\u00e9 Cascalho e Raquel Nogueira), comunica\u00e7\u00e3o integrada no Simp\u00f3sio &#8220;Identifica\u00e7\u00e3o e Interven\u00e7\u00e3o Precoce nas Dificuldades na Matem\u00e1tica&#8221;,<a href=\"https:\/\/www.ordemdospsicologos.pt\/ficheiros\/documentos\/livro_de_actas_2congressoopp.pdf\" target=\"_blank\" rel=\"noopener noreferrer\"> IX Congresso Iberoamericano de Psicologia e 2.\u00ba Congresso da Ordem dos Psic\u00f3logos Portugueses<\/a>, Centro Cultural de Bel\u00e9m, Portugal, 9-13 setembro 2014.<\/li>\n<li><em>Problem solving through crafts and challenges<\/em> (with Marie Stephanie Cabral and Jos\u00e9 Cascalho), <a href=\"http:\/\/ludicum.org\/ev\/rm\/13\" target=\"_blank\" rel=\"noopener noreferrer\">Recreational Mathematics Colloquium III<\/a>, University of the Azores, Portugal, 3-6 April 2013.<\/li>\n<li><em>Symmetry groups: identifying patterns in Azorean heritage<\/em> (with Vera Moniz and Susana Costa), <a href=\"http:\/\/ludicum.org\/ev\/rm\/13\" target=\"_blank\" rel=\"noopener noreferrer\">Recreational Mathematics Colloquium III<\/a>, University of the Azores, Portugal, 3-6 April 2013.<\/li>\n<li><em>Conex\u00f5es Matem\u00e1ticas com a Tecnologia TI-Nspire<\/em>, Educa\u00e7\u00e3o, Curr\u00edculo e Did\u00e1cticas: Tend\u00eancias, Contextos e Din\u00e2micas, Universidade dos A\u00e7ores, Portugal, 27 a 29 de outubro de 2011.<\/li>\n<li><em>The Rainbow Game<\/em> (with H. Melo), <a href=\"http:\/\/ludicum.org\/rm09\/\" target=\"_blank\" rel=\"noopener noreferrer\">Recreational Mathematics Colloquium I<\/a> (RM09), University of \u00c9vora, Portugal, 29 April-2 May, 2009.<\/li>\n<li><em>Indefinite numerical range of 3&#215;3 matrices<\/em> (with N. Bebiano and J. da Provid\u00eancia), 17th International Workshop on Matrices and Statistics (IWMS 2008), Tomar, Portugal, 23-26 July, 2008.<\/li>\n<li><em>Flat portions on the boundary of the indefinite numerical range of 3&#215;3 matrices<\/em> (with N. Bebiano and J. da Provid\u00eancia), 9th Workshop on Numerical Ranges and Numerical Radii (WONRA 2008), Williamsburg, Virginia, USA, 19-21 July, 2008.<\/li>\n<li><em>The Elliptical and the Hyperbolical Range Theorems Revisited<\/em> (with N. Bebiano and J. da Provid\u00eancia), International Conference on Engineering and Mathematics (ENMA 2007), Bilbao, Spain, 9-11 July, 2007.<\/li>\n<li><em>On the Characteristic Polynomial of the Pencil Generated by two J-Hermitian Matrices<\/em> (with N. Bebiano and J. da Provid\u00eancia), 13th Conference of the International Linear Algebra Society (ILAS 2006), Amsterdam, Netherlands, 18-21 July, 2006.<\/li>\n<li><em>Numerical ranges of tridiagonal J-Toeplitz and J-circulant matrices<\/em> (with N. Bebiano, J. da Provid\u00eancia and G. Soares), 8th Workshop of Numerical Ranges and Numerical Radii (WONRA 2006), Bremen, German, 15-17 July, 2006.<\/li>\n<\/ul>\n<p><span style=\"color: #008080\"><strong>Comunica\u00e7\u00f5es Orais em Encontros Nacionais:<\/strong><\/span><\/p>\n<ul>\n<li><em>Inova\u00e7\u00e3o Pedag\u00f3gica: Uma experi\u00eancia atl\u00e2ntica<\/em> (confer\u00eancia), Encontro de Boas Pr\u00e1ticas do Centro de Forma\u00e7\u00e3o da Associa\u00e7\u00e3o de Escolas de Marco de Canaveses e Cinf\u00e3es &#8211; Edi\u00e7\u00e3o 2025 &#8211; Tecnologia, Inova\u00e7\u00e3o e Inclus\u00e3o numa Escola Democr\u00e1tica, Espa\u00e7o MarcoInvest \u2013 Marco de Canaveses, 4 de outubro de 2025.<\/li>\n<li><em>Explorar o Mundo com um Olhar Geom\u00e9trico: da Natureza ao Quotidiano e \u00e0s nossas Tradi\u00e7\u00f5es<\/em> (confer\u00eancia plen\u00e1ria), Encontro \u201cAlgarMat 24\u201d promovido pelo N\u00facleo Regional do Algarve da APM, 4 a 6 de setembro de 2024 (4 e 5 online, 6 presencial no Agrupamento de Escolas Padre Ant\u00f3nio Martins Oliveira, Lagoa, Algarve).<\/li>\n<li><em>Despertar para o sentido de n\u00famero na Educa\u00e7\u00e3o Pr\u00e9-Escolar: Uma abordagem inspirada no m\u00e9todo de Singapura<\/em> (workshop online), VII Encontro Internacional da APEI &#8211; \u201cQue futuro para a educa\u00e7\u00e3o de inf\u00e2ncia: Unidade, tens\u00f5es e desafios\u201d, 9 e 16 de outubro de 2021.<\/li>\n<li><em>Matem\u00e1tica Passo a Passo: Seis anos de interven\u00e7\u00e3o nas escolas dos A\u00e7ores<\/em> (comunica\u00e7\u00e3o online), VI Encontro sobre Inova\u00e7\u00e3o Pedag\u00f3gica Supertabi, Quinta da Comenda, Maia, com transmiss\u00e3o online, 11 de setembro de 2021.<\/li>\n<li><em>Resolu\u00e7\u00e3o de Problemas, Racioc\u00ednio Matem\u00e1tico e Comunica\u00e7\u00e3o Matem\u00e1tica<\/em> (ateli\u00ea online, com Ana Lima e J\u00falio Aroeira), IV Encontro ProSucesso, 1 de julho de 2021.<\/li>\n<li><em>As Simetrias das Cal\u00e7adas dos A\u00e7ores num Baralho de Cartas<\/em> (confer\u00eancia online), 3.\u00ba Ciclo de Confer\u00eancias Liceu D&#8217;Antero, 21 de junho de 2021.<\/li>\n<li><em>A Oficina Matem\u00e1tica Passo a Passo<\/em>, Webinar &#8220;Problemas decorrentes da globaliza\u00e7\u00e3o da Sociedade da Informa\u00e7\u00e3o&#8221;, Ciclo de Webinars \u201cConversas com (a) Educa\u00e7\u00e3o\u201d promovido pelo Instituto de Educa\u00e7\u00e3o da Universidade do Minho e pela Escola Superior de Educa\u00e7\u00e3o do Instituto Polit\u00e9cnico de Coimbra, 27 de maio de 2021.<\/li>\n<li><em>Simetrias que d\u00e3o a volta \u00e0 cabe\u00e7a: a matem\u00e1tica das cal\u00e7adas, das varandas e do artesanato<\/em> (sess\u00e3o plen\u00e1ria), Encontro \u201cMadeiraMat2016\u201d promovido pelo N\u00facleo Regional da Madeira da APM e pelo Centro de Forma\u00e7\u00e3o da APM, Escola Secund\u00e1ria de Francisco Franco (Funchal, Madeira), 14 e 15 de julho de 2016.<\/li>\n<li><em>Metas Curriculares que futuro?<\/em> (painel de discuss\u00e3o), Encontro \u201cMadeiraMat2016\u201d promovido pelo N\u00facleo Regional da Madeira da APM e pelo Centro de Forma\u00e7\u00e3o da APM, Escola Secund\u00e1ria de Francisco Franco (Funchal, Madeira), 14 e 15 de julho de 2016.<\/li>\n<li><em>Jogando com as simetrias<\/em> (com Alda Carvalho, Carlos Pereira dos Santos e Jorge Nuno Silva), V Jornadas da Hist\u00f3ria dos Jogos em Portugal: Os jogos no espa\u00e7o atl\u00e2ntico, Guarda, Portugal, 29\/09 a 01\/10, 2016.<\/li>\n<li><em>Explorar e investigar na aula de Matem\u00e1tica: do jogo \u00e0s novas tecnologias<\/em>, orador convidado do col\u00f3quio \u201cForma\u00e7\u00e3o Pluridimensional de Educadores e Professores em Din\u00e2micas de Interven\u00e7\u00e3o Educacional: Curr\u00edculo(s), Cultura(s) e Saberes na Sociedade do Conhecimento\u201d, Universidade dos A\u00e7ores, 25, 26 e 27 de outubro de 2012. Este col\u00f3quio insere-se no projeto \u201cEduca\u00e7\u00e3o, Curr\u00edculo e Did\u00e1ticas \u2013 perspetivas interdisciplinares\u201d, coordenado por Emanuel Oliveira Medeiros.<\/li>\n<li><em>A Matem\u00e1tica ao virar da esquina: \u00e0 descoberta de padr\u00f5es geom\u00e9tricos<\/em>, Col\u00f3quio de Did\u00e1cticas &#8211; No Caminho das Did\u00e1cticas: Saberes, Experi\u00eancias e Inova\u00e7\u00e3o, Universidade dos A\u00e7ores, 20 de mar\u00e7o de 2009.<\/li>\n<li><em>Matem\u00e1tica e Cidadania: passado, presente e futuro<\/em> (com Ana Paula Garr\u00e3o e Helena Melo), Ciclo de Encontros e Debates sobre Educa\u00e7\u00e3o, Cultura(s) e Cidadania, integrado nos Est\u00e1gios Pedag\u00f3gicos da Universidade dos A\u00e7ores, 18 de mar\u00e7o de 2005.<\/li>\n<\/ul>\n<p><span style=\"color: #008080\"><strong>Comunica\u00e7\u00f5es em Formato Poster:<\/strong><\/span><\/p>\n<ul>\n<li><em>Identification and intervention in early numerical competencies<\/em> (with L\u00edlia Marcelino and Joana Rato), 15th European Congress of Psychology, Amsterdam, The Netherlands, 11-14 July, 2017.<\/li>\n<li><em>Jogando com o Arco-\u00edris<\/em> (com Helena Melo), Semin\u00e1rio (Re)Aprender a Brincar: da Especificidade \u00e0 Diversidade, Universidade dos A\u00e7ores, 15 de maio de 2009.<\/li>\n<li><em>A Modela\u00e7\u00e3o Matem\u00e1tica no Ensino B\u00e1sico<\/em>,\u00a0 Col\u00f3quio Escola e Resolu\u00e7\u00e3o de Problemas: do Indiv\u00eddulo \u00e0 Organiza\u00e7\u00e3o, Universidade dos A\u00e7ores, 5 de abril de 2008.<\/li>\n<\/ul>\n<p><span style=\"color: #008080\"><strong>Semin\u00e1rios:<\/strong><\/span><\/p>\n<ul>\n<li><em>Como reinventar a matem\u00e1tica na sala de aula?<\/em> (com Jos\u00e9 Manuel Cascalho), inserido no ciclo de semin\u00e1rios Ensinar e aprender Matem\u00e1tica: di\u00e1logos e conjun\u00e7\u00f5es numa perspectiva interdisciplinar, no \u00e2mbito da 1\u00aa edi\u00e7\u00e3o do Mestrado em Matem\u00e1tica para Professores, Universidade dos A\u00e7ores, 9 de mar\u00e7o de 2012.<\/li>\n<li><em>Inicia\u00e7\u00e3o ao LaTeX<\/em> (com Rita Brand\u00e3o), inserido na 1\u00aa edi\u00e7\u00e3o do Mestrado em Matem\u00e1tica para Professores, Departamento de Matem\u00e1tica da Universidade dos A\u00e7ores, 18 de novembro de 2011.<\/li>\n<li><em>Jogar e Aprender: como desenvolver compet\u00eancias matem\u00e1ticas atrav\u00e9s de jogos<\/em>, inserido no ciclo de semin\u00e1rios de forma\u00e7\u00e3o intitulado &#8220;Linguagens did\u00e1tico-pedag\u00f3gicas para o ensino da Matem\u00e1tica no 1\u00ba Ciclo do Ensino B\u00e1sico&#8221;, no \u00e2mbito da 2\u00aa edi\u00e7\u00e3o do Mestrado em Educa\u00e7\u00e3o Pr\u00e9-Escolar e Ensino do 1\u00ba Ciclo do Ensino B\u00e1sico, Departamento de Ci\u00eancias da Educa\u00e7\u00e3o da Universidade dos A\u00e7ores, 10 de novembro de 2011.<\/li>\n<li><em>Desafios com a TI-Nspire: problemas que d\u00e3o que pensar&#8230;<\/em>, inserido na 1\u00aa edi\u00e7\u00e3o do Mestrado em Matem\u00e1tica para Professores, Departamento de Matem\u00e1tica da Universidade dos A\u00e7ores, 18 de junho de 2011.<\/li>\n<li><em>Arte e Matem\u00e1tica &#8211; Origami: a arte de dobrar papel<\/em> (com Helena Melo), Ciclos de Aprendizagem ao Longo da Vida da Universidade dos A\u00e7ores, 27 de mar\u00e7o de 2009.<\/li>\n<li><em>Explorando novos horizontes com o LaTeX&#8230;<\/em>, Departamento de Matem\u00e1tica da Universidade dos A\u00e7ores, 26 de janeiro de 2007.<\/li>\n<li><em>Dando os primeiros passos com o Mathematica&#8230;<\/em>, Departamento de Matem\u00e1tica da Universidade dos A\u00e7ores, 28 de junho de 2006.<\/li>\n<li><em>Sistemas de Identifica\u00e7\u00e3o Modulares<\/em>, Departamento de Matem\u00e1tica da Universidade dos A\u00e7ores, 19 de maio de 2004.<\/li>\n<\/ul>\n","protected":false},"excerpt":{"rendered":"<p>Comunica\u00e7\u00f5es Orais em Encontros Internacionais: Sidewalks of Lisbon and Azores (with Alda Carvalho, Carlos Pereira dos Santos and Jorge Nuno Silva), Bridges 2023, Halifax, Canad\u00e1, 27-30 July, 2023. Investigar o Mundo com um olhar Matem\u00e1tico, Congresso Internacional Interdisciplinar da Crian\u00e7a e do Adolescente \u2013 CICA VI (6.\u00aa edi\u00e7\u00e3o), Sess\u00f5es online e sess\u00f5es presenciais no Campus [&hellip;]<\/p>\n","protected":false},"author":282,"featured_media":0,"parent":0,"menu_order":30,"comment_status":"closed","ping_status":"closed","template":"","meta":{"_monsterinsights_skip_tracking":false,"_monsterinsights_sitenote_active":false,"_monsterinsights_sitenote_note":"","_monsterinsights_sitenote_category":0,"footnotes":""},"class_list":["post-131","page","type-page","status-publish","hentry"],"_links":{"self":[{"href":"https:\/\/sites.uac.pt\/rteixeira\/wp-json\/wp\/v2\/pages\/131","targetHints":{"allow":["GET"]}}],"collection":[{"href":"https:\/\/sites.uac.pt\/rteixeira\/wp-json\/wp\/v2\/pages"}],"about":[{"href":"https:\/\/sites.uac.pt\/rteixeira\/wp-json\/wp\/v2\/types\/page"}],"author":[{"embeddable":true,"href":"https:\/\/sites.uac.pt\/rteixeira\/wp-json\/wp\/v2\/users\/282"}],"replies":[{"embeddable":true,"href":"https:\/\/sites.uac.pt\/rteixeira\/wp-json\/wp\/v2\/comments?post=131"}],"version-history":[{"count":71,"href":"https:\/\/sites.uac.pt\/rteixeira\/wp-json\/wp\/v2\/pages\/131\/revisions"}],"predecessor-version":[{"id":2144,"href":"https:\/\/sites.uac.pt\/rteixeira\/wp-json\/wp\/v2\/pages\/131\/revisions\/2144"}],"wp:attachment":[{"href":"https:\/\/sites.uac.pt\/rteixeira\/wp-json\/wp\/v2\/media?parent=131"}],"curies":[{"name":"wp","href":"https:\/\/api.w.org\/{rel}","templated":true}]}}