{"id":991,"date":"2015-12-23T14:17:40","date_gmt":"2015-12-23T14:17:40","guid":{"rendered":"http:\/\/sites.uac.pt\/mea\/?page_id=991"},"modified":"2025-03-25T12:44:24","modified_gmt":"2025-03-25T12:44:24","slug":"15-16","status":"publish","type":"page","link":"https:\/\/sites.uac.pt\/mea\/iniciativas\/am\/15-16\/","title":{"rendered":"Aplica\u00e7\u00f5es da Matem\u00e1tica para a Educa\u00e7\u00e3o Pr\u00e9-Escolar e para o Ensino B\u00e1sico &#8211; 2015"},"content":{"rendered":"<p><strong>Ros\u00e1ceas<\/strong><\/p>\n<table border=\"0\">\n<tbody>\n<tr>\n<td><a href=\"https:\/\/sites.uac.pt\/mea\/files\/2015\/12\/am-15-16-1.jpg\" target=\"_blank\" rel=\"noopener\"><img loading=\"lazy\" decoding=\"async\" class=\"alignnone size-thumbnail wp-image-227\" src=\"https:\/\/sites.uac.pt\/mea\/files\/2015\/12\/am-15-16-1.jpg\" alt=\"am1516-1\" width=\"190\" height=\"150\" \/><\/a><\/td>\n<td><span style=\"line-height: 19px;\">Cat\u00e1logos: <\/span><a href=\"https:\/\/drive.google.com\/file\/d\/0B14_hGp_bEX9bE5SbzhIdTlvRW8\/view?usp=sharing\" target=\"_blank\" rel=\"noopener\">Ros\u00e1ceas c\u00edclicas<\/a><span style=\"line-height: 19px;\"> &#8211; <\/span><a href=\"https:\/\/drive.google.com\/file\/d\/0B14_hGp_bEX9Z05rSGIwTWE5cmM\/view?usp=sharing\" target=\"_blank\" rel=\"noopener\">Ros\u00e1ceas diedrais<\/a>Math &amp; Walk: <a href=\"https:\/\/youtu.be\/cTGYdpGY5z0\" target=\"_blank\" rel=\"noopener\">\u00c0 descoberta de ros\u00e1ceas<\/a><\/p>\n<p>E se os enfeites de Natal fossem ros\u00e1ceas? <a href=\"https:\/\/youtu.be\/80Zmu_lOygM\" target=\"_blank\" rel=\"noopener\">Parte 1<\/a> &#8211; <a href=\"https:\/\/youtu.be\/69ZGrdC-C_8\" target=\"_blank\" rel=\"noopener\">Parte 2<\/a> &#8211; <a href=\"https:\/\/youtu.be\/snhGGPiT_pE\" target=\"_blank\" rel=\"noopener\">Parte 3<\/a><\/p>\n<p><a href=\"https:\/\/drive.google.com\/file\/d\/0B14_hGp_bEX9SnJuUDV6b0o4Ykk\/view?usp=sharing\" target=\"_blank\" rel=\"noopener\">Atividades de explora\u00e7\u00e3o dos conceitos de simetria de rota\u00e7\u00e3o e de reflex\u00e3o<\/a><\/p>\n<p>Rita Feleja, Ana Beatriz Raposo<\/td>\n<\/tr>\n<\/tbody>\n<\/table>\n<p><strong>Frisos<\/strong><\/p>\n<table border=\"0\">\n<tbody>\n<tr>\n<td><a href=\"https:\/\/sites.uac.pt\/mea\/files\/2015\/12\/am-15-16-2.JPG\" target=\"_blank\" rel=\"noopener\"><img loading=\"lazy\" decoding=\"async\" class=\"alignnone size-thumbnail wp-image-227\" src=\"https:\/\/sites.uac.pt\/mea\/files\/2015\/12\/am-15-16-2.JPG\" alt=\"am1516-2\" width=\"210\" height=\"150\" \/><\/a><\/td>\n<td>\u00c0 descoberta de frisos: <a href=\"https:\/\/drive.google.com\/file\/d\/0B14_hGp_bEX9dVpwNXkzRktURlU\/view?usp=sharing\" target=\"_blank\" rel=\"noopener\">Como classificar um friso?<\/a> &#8211; <a href=\"https:\/\/drive.google.com\/file\/d\/0B14_hGp_bEX9amlPaGE0ZTROQ2M\/view?usp=sharing\" target=\"_blank\" rel=\"noopener\">Cat\u00e1logo<\/a><a href=\"https:\/\/youtu.be\/YG15eIV0xKw\" target=\"_blank\" rel=\"noopener\">Funcionalidades do software Tess<\/a><\/p>\n<p>Math &amp; Walk: <a href=\"https:\/\/youtu.be\/0qpMMHS0w5M\" target=\"_blank\" rel=\"noopener\">Bordadeiras de Vila Franca do Campo<\/a><\/p>\n<p>Atividades: <a href=\"https:\/\/drive.google.com\/file\/d\/0B14_hGp_bEX9TTcwY0E4aVpzcjA\/view?usp=sharing\" target=\"_blank\" rel=\"noopener\">Caderno de atividades<\/a> &#8211; <a href=\"https:\/\/youtu.be\/FTQfwb_0Usk\" target=\"_blank\" rel=\"noopener\">Decora\u00e7\u00f5es natal\u00edcias com frisos!<\/a><\/p>\n<p><a href=\"https:\/\/youtu.be\/LTmOnK7PcxU\" target=\"_blank\" rel=\"noopener\">Bloopers e bastidores do trabalho de grupo<\/a><\/p>\n<p>Andreia Sousa, Daniela Costa<\/td>\n<\/tr>\n<\/tbody>\n<\/table>\n<p><strong>Padr\u00f5es bidimensionais e pavimenta\u00e7\u00f5es<\/strong><\/p>\n<table border=\"0\">\n<tbody>\n<tr>\n<td><a href=\"https:\/\/sites.uac.pt\/mea\/files\/2015\/12\/am-15-16-3.jpg\" target=\"_blank\" rel=\"noopener\"><img loading=\"lazy\" decoding=\"async\" class=\"alignnone size-thumbnail wp-image-227\" src=\"https:\/\/sites.uac.pt\/mea\/files\/2015\/12\/am-15-16-3.jpg\" alt=\"am1516-3\" width=\"200\" height=\"150\" \/><\/a><\/td>\n<td>Cat\u00e1logos: <a href=\"https:\/\/drive.google.com\/file\/d\/0B14_hGp_bEX9RkhtVm9PT09BeHc\/view?usp=sharing\" target=\"_blank\" rel=\"noopener\">\u00c0 descoberta de padr\u00f5es bidimensionais<\/a> &#8211; <a href=\"https:\/\/drive.google.com\/file\/d\/0B14_hGp_bEX9UGpvc1MzcXRHeFk\/view?usp=sharing\" target=\"_blank\" rel=\"noopener\">Pavimenta\u00e7\u00f5es de Escher<\/a><a href=\"https:\/\/youtu.be\/qidqL2tdG7M\" target=\"_blank\" rel=\"noopener\">As primeiras explora\u00e7\u00f5es no Tess<\/a> &#8211; <a href=\"https:\/\/drive.google.com\/file\/d\/0B14_hGp_bEX9SjBUMERrNlhuWlU\/view?usp=sharing\" target=\"_blank\" rel=\"noopener\">Tess Natal\u00edcio<\/a> &#8211; <a href=\"https:\/\/drive.google.com\/file\/d\/0B14_hGp_bEX9aDVMNEtQWXU0MlE\/view?usp=sharing\" target=\"_blank\" rel=\"noopener\">Pavimenta\u00e7\u00f5es no Tess<\/a><\/p>\n<p>Atividades: <a href=\"https:\/\/youtu.be\/beeU_pWpYhs\" target=\"_blank\" rel=\"noopener\">O M\u00e9todo da dentada<\/a> &#8211; <a href=\"https:\/\/drive.google.com\/file\/d\/0B14_hGp_bEX9ZjZBQThJT08tUk0\/view?usp=sharing\" target=\"_blank\" rel=\"noopener\">Cat\u00e1logo de atividades<\/a><\/p>\n<p><a href=\"https:\/\/youtu.be\/oyK-1-uZB1o\" target=\"_blank\" rel=\"noopener\">Decorar a \u00e1rvore de Natal com a tira de Mobi\u00fcs<\/a><\/p>\n<p><a href=\"https:\/\/youtu.be\/nirkXvCcvMo\" target=\"_blank\" rel=\"noopener\">O Grupo em A\u00e7\u00e3o<\/a><\/p>\n<p>Vera Mota, Bruna Azevedo<\/td>\n<\/tr>\n<\/tbody>\n<\/table>\n<p><strong>Explorar e aprender com materiais manipul\u00e1veis<\/strong><\/p>\n<table border=\"0\">\n<tbody>\n<tr>\n<td><a href=\"https:\/\/sites.uac.pt\/mea\/files\/2015\/12\/am-15-16-4B.jpg\" target=\"_blank\" rel=\"noopener\"><img loading=\"lazy\" decoding=\"async\" class=\"alignnone size-thumbnail wp-image-227\" src=\"https:\/\/sites.uac.pt\/mea\/files\/2015\/12\/am-15-16-4A.jpg\" alt=\"am1516-4\" width=\"220\" height=\"150\" \/><\/a><\/td>\n<td>Cadernos de atividades: <a href=\"https:\/\/drive.google.com\/file\/d\/0B14_hGp_bEX9a1lVeGZuc1FaYzA\/view?usp=sharing\" target=\"_blank\" rel=\"noopener\">Blocos l\u00f3gicos<\/a> &#8211; <a href=\"https:\/\/drive.google.com\/file\/d\/0B14_hGp_bEX9UjRwU1V5U2dlMEU\/view?usp=sharing\" target=\"_blank\" rel=\"noopener\">Tangram<\/a> &#8211; <a href=\"https:\/\/drive.google.com\/file\/d\/0B14_hGp_bEX9NEtSdU1iSUpqdHM\/view?usp=sharing\" target=\"_blank\" rel=\"noopener\">Geoplano<\/a> &#8212; <a href=\"https:\/\/drive.google.com\/file\/d\/0B14_hGp_bEX9bHhrNHlDVVlTTFE\/view?usp=sharing\" target=\"_blank\" rel=\"noopener\">Pentamin\u00f3s<\/a> &#8211; <a href=\"https:\/\/drive.google.com\/file\/d\/0B14_hGp_bEX9YzZlaEJLb2xKaW8\/view?usp=sharing\" target=\"_blank\" rel=\"noopener\">Cuisenaire<\/a> &#8211; <a href=\"https:\/\/drive.google.com\/file\/d\/0B14_hGp_bEX9blVXdlhROXRwR3c\/view?usp=sharing\" target=\"_blank\" rel=\"noopener\">Calculadores Multib\u00e1sicos<\/a> &#8211;<\/p>\n<p>&#8211; <a href=\"https:\/\/drive.google.com\/file\/d\/0B14_hGp_bEX9RUE1andpOWJkOTg\/view?usp=sharing\" target=\"_blank\" rel=\"noopener\">Material Base 10<\/a> &#8211; <a href=\"https:\/\/drive.google.com\/file\/d\/0B14_hGp_bEX9Q0Qwb0FJOXVQUGM\/view?usp=sharing\" target=\"_blank\" rel=\"noopener\">Materiais n\u00e3o estruturados<\/a><\/p>\n<p>Regras dos jogos: <a href=\"https:\/\/youtu.be\/UJy6mA6DOoE\" target=\"_blank\" rel=\"noopener\">Bloco Uno<\/a> &#8211; <a href=\"https:\/\/youtu.be\/5xINwVCtLXc\" target=\"_blank\" rel=\"noopener\">N\u00famero M\u00e1gico<\/a><\/p>\n<p><a href=\"https:\/\/youtu.be\/0VFke5r2ljk\" target=\"_blank\" rel=\"noopener\">O grupo em a\u00e7\u00e3o<\/a><\/p>\n<p>Rui Moura, Ana Filipa Couto<\/td>\n<\/tr>\n<\/tbody>\n<\/table>\n<p><strong>Jogos matem\u00e1ticos e atividades num\u00e9ricas<\/strong><\/p>\n<table border=\"0\">\n<tbody>\n<tr>\n<td><a href=\"https:\/\/sites.uac.pt\/mea\/files\/2015\/12\/am-15-16-5.png\" target=\"_blank\" rel=\"noopener\"><img loading=\"lazy\" decoding=\"async\" class=\"alignnone size-thumbnail wp-image-227\" src=\"https:\/\/sites.uac.pt\/mea\/files\/2015\/12\/am-15-16-5.png\" alt=\"am1516-5\" width=\"210\" height=\"150\" \/><\/a><\/td>\n<td>Jogos do CNJM: <a href=\"https:\/\/youtu.be\/uTI4pf2gUyQ\" target=\"_blank\" rel=\"noopener\">Gatos &amp; C\u00e3es<\/a> &#8211; <a href=\"https:\/\/youtu.be\/GYZ7eXku_DI\" target=\"_blank\" rel=\"noopener\">Avan\u00e7o<\/a> <span style=\"line-height: 19px;\"><span style=\"line-height: 19px;\"> &#8211; <a href=\"https:\/\/youtu.be\/w_ipRzgOZks\" target=\"_blank\" rel=\"noopener\">Produto<\/a><\/span><\/span>Jogos num\u00e9ricos: <a href=\"https:\/\/youtu.be\/zYEXZ40V5DQ\" target=\"_blank\" rel=\"noopener\">A casinha do 10<\/a> &#8211; <a href=\"https:\/\/youtu.be\/z5BcUV4S_tQ\" target=\"_blank\" rel=\"noopener\">MathDice J\u00fanior<\/a><\/p>\n<p>Outras atividades: <a href=\"https:\/\/drive.google.com\/file\/d\/0B14_hGp_bEX9MnhvNDR6VmZydEk\/view?usp=sharing\" target=\"_blank\" rel=\"noopener\">N\u00fameros curiosos<\/a> &#8211; <a href=\"https:\/\/drive.google.com\/file\/d\/0B14_hGp_bEX9TkVBNEtPUENzZHc\/view?usp=sharing\" target=\"_blank\" rel=\"noopener\">Curiosidades e truques num\u00e9ricos<\/a><\/p>\n<p><a href=\"https:\/\/drive.google.com\/file\/d\/0B14_hGp_bEX9a1JUWlU4MFZJeFU\/view?usp=sharing\" target=\"_blank\" rel=\"noopener\">Os 10 mandamentos dos jogos matem\u00e1ticos<\/a> &#8211; <a href=\"https:\/\/youtu.be\/SoP8Pqji3JY\" target=\"_blank\" rel=\"noopener\">Bastidores<\/a><\/p>\n<p>Joana Ferreira, Liliana Silva<\/td>\n<\/tr>\n<\/tbody>\n<\/table>\n<p><strong>Jogos matem\u00e1ticos e atividades geom\u00e9tricas<\/strong><\/p>\n<table border=\"0\">\n<tbody>\n<tr>\n<td><a href=\"https:\/\/sites.uac.pt\/mea\/files\/2015\/12\/am-15-16-6.jpg\" target=\"_blank\" rel=\"noopener\"><img loading=\"lazy\" decoding=\"async\" class=\"alignnone size-thumbnail wp-image-227\" src=\"https:\/\/sites.uac.pt\/mea\/files\/2015\/12\/am-15-16-6.jpg\" alt=\"am1516-6\" width=\"200\" height=\"150\" \/><\/a><\/td>\n<td>Jogos do CNJM: <a href=\"https:\/\/youtu.be\/EGTTjgWTI9k\" target=\"_blank\" rel=\"noopener\">Sem\u00e1foro<\/a> &#8211; <a href=\"https:\/\/youtu.be\/2jtYisbjVFA\" target=\"_blank\" rel=\"noopener\">Rastros<\/a> &#8211; <a href=\"https:\/\/youtu.be\/oi8u7_eOk20\" target=\"_blank\" rel=\"noopener\">Pontos e Quadrados<\/a> &#8211; <a href=\"https:\/\/youtu.be\/sO2wRXbQA3Q\" target=\"_blank\" rel=\"noopener\">Hex<\/a> &#8211; <a href=\"https:\/\/youtu.be\/oz6IvjQ1M6A\" target=\"_blank\" rel=\"noopener\">Sesqui<\/a>Puzzles geom\u00e9tricos: <a href=\"https:\/\/drive.google.com\/file\/d\/0B14_hGp_bEX9UnV4Mm12eWdhaHM\/view?usp=sharing\" target=\"_blank\" rel=\"noopener\">Cat\u00e1logo de puzzles da Smart Games<\/a> &#8211; <a href=\"https:\/\/drive.google.com\/file\/d\/0B14_hGp_bEX9LVVaY0ptdWJTek0\/view?usp=sharing\" target=\"_blank\" rel=\"noopener\">Stomachion<\/a><\/p>\n<p>Outras atividades: <a href=\"https:\/\/drive.google.com\/file\/d\/0B14_hGp_bEX9bkhzNGVUWFh5cG8\/view?usp=sharing\" target=\"_blank\" rel=\"noopener\">Atividades com f\u00f3sforos<\/a><\/p>\n<p><a href=\"https:\/\/youtu.be\/OQCoWXz5Sdk\" target=\"_blank\" rel=\"noopener\">O grupo em a\u00e7\u00e3o<\/a><\/p>\n<p>Carolina Almeida, J\u00e9ssica Sousa<\/td>\n<\/tr>\n<\/tbody>\n<\/table>\n<p><strong>Jogos e atividades com cartas<\/strong><\/p>\n<table border=\"0\">\n<tbody>\n<tr>\n<td><a href=\"https:\/\/sites.uac.pt\/mea\/files\/2015\/12\/am-15-16-7.png\" target=\"_blank\" rel=\"noopener\"><img loading=\"lazy\" decoding=\"async\" class=\"alignnone size-thumbnail wp-image-227\" src=\"https:\/\/sites.uac.pt\/mea\/files\/2015\/12\/am-15-16-7.png\" alt=\"am1516-7\" width=\"150\" height=\"150\" \/><\/a><\/td>\n<td>Jogos de cartas: <a href=\"https:\/\/drive.google.com\/file\/d\/0B14_hGp_bEX9MUM5YVd0djBNMm8\/view?usp=sharing\" target=\"_blank\" rel=\"noopener\">Cat\u00e1logo de jogos<\/a> &#8211; <a href=\"https:\/\/youtu.be\/kMQBcvJT2Ko\" target=\"_blank\" rel=\"noopener\">Mathable 4<\/a>Tio Papel: <a href=\"https:\/\/youtu.be\/cg0Ui47bvbs\" target=\"_blank\" rel=\"noopener\">Adi\u00e7\u00e3o e Subtra\u00e7\u00e3o (tipo domin\u00f3)<\/a> &#8211; <a href=\"https:\/\/youtu.be\/wboBuFbyQ4Y\" target=\"_blank\" rel=\"noopener\">Calculus (tipo jogo do 24)<\/a><\/p>\n<p>Baralho de cartas tradicional: <a href=\"https:\/\/drive.google.com\/file\/d\/0B14_hGp_bEX9V0JKcVFkVm5INU0\/view?usp=sharing\" target=\"_blank\" rel=\"noopener\">Cat\u00e1logo de Jogos<\/a> &#8211; <a href=\"https:\/\/drive.google.com\/file\/d\/0B14_hGp_bEX9Rzh5c2FLaGIwTDg\/view?usp=sharing\" target=\"_blank\" rel=\"noopener\">Cat\u00e1logo de Truques<\/a><\/p>\n<p><a href=\"https:\/\/youtu.be\/sktWWle_Lgs\" target=\"_blank\" rel=\"noopener\">V\u00eddeo com alguns truques<\/a> &#8211; <a href=\"https:\/\/youtu.be\/yms43-nzIt4\" target=\"_blank\" rel=\"noopener\">O grupo em a\u00e7\u00e3o<\/a><\/p>\n<p>J\u00e9ssica Mendes, Patr\u00edcia Bolarinho<\/td>\n<\/tr>\n<\/tbody>\n<\/table>\n<p><strong>Origami: explorar a Matem\u00e1tica atrav\u00e9s de uma arte milenar<\/strong><\/p>\n<table border=\"0\">\n<tbody>\n<tr>\n<td><a href=\"https:\/\/sites.uac.pt\/mea\/files\/2015\/12\/am-15-16-8.jpg\" target=\"_blank\" rel=\"noopener\"><img loading=\"lazy\" decoding=\"async\" class=\"alignnone size-thumbnail wp-image-227\" src=\"https:\/\/sites.uac.pt\/mea\/files\/2015\/12\/am-15-16-8.jpg\" alt=\"am1516-8\" width=\"150\" height=\"150\" \/><\/a><\/td>\n<td>Cat\u00e1logos de Origami: <a href=\"https:\/\/youtu.be\/LhJ2wqW1_A4\" target=\"_blank\" rel=\"noopener\">Natal<\/a> &#8211; <a href=\"https:\/\/youtu.be\/bO9fjOcv3uQ\" target=\"_blank\" rel=\"noopener\">Dia do Pai<\/a> &#8211; <a href=\"https:\/\/youtu.be\/T-J1rfC3I9U\" target=\"_blank\" rel=\"noopener\">Dia da M\u00e3e<\/a>Guias pr\u00e1ticos: <a href=\"https:\/\/youtu.be\/SQw9YKZVtyg\" target=\"_blank\" rel=\"noopener\">Axiomas de Huzita-Hatori<\/a> &#8211; <a href=\"https:\/\/youtu.be\/0s69U8VnO7k\" target=\"_blank\" rel=\"noopener\">Funcionalidades do Paper Folding 3D<\/a><\/p>\n<p>Atividades: <a href=\"https:\/\/youtu.be\/nL3uj9F9Urc\" target=\"_blank\" rel=\"noopener\">Origami para crian\u00e7as<\/a><\/p>\n<p><a href=\"https:\/\/youtu.be\/kLC4b4cnoYI\" target=\"_blank\" rel=\"noopener\">Bastidores do trabalho de grupo<\/a><\/p>\n<p>Beatriz Travassos, Lina Mutodo<\/td>\n<\/tr>\n<\/tbody>\n<\/table>\n<p><strong>A raz\u00e3o \u00e1urea e os intrigantes n\u00fameros de Fibonacci<\/strong><\/p>\n<table border=\"0\">\n<tbody>\n<tr>\n<td><a href=\"https:\/\/sites.uac.pt\/mea\/files\/2015\/12\/am-15-16-9B.jpg\" target=\"_blank\" rel=\"noopener\"><img loading=\"lazy\" decoding=\"async\" class=\"alignnone size-thumbnail wp-image-227\" src=\"https:\/\/sites.uac.pt\/mea\/files\/2015\/12\/am-15-16-9A.JPG\" alt=\"am1516-9\" width=\"200\" height=\"150\" \/><\/a><\/td>\n<td>Cat\u00e1logo: <a href=\"https:\/\/drive.google.com\/file\/d\/0B14_hGp_bEX9TF81MkZLZXRPaVk\/view?usp=sharing\" target=\"_blank\" rel=\"noopener\">\u00c0 descoberta dos n\u00fameros de Fibonacci e da raz\u00e3o \u00e1urea&#8230;<\/a>Propostas de atividades: <a href=\"https:\/\/drive.google.com\/file\/d\/0B14_hGp_bEX9UTFsRkVBNWtyOWs\/view?usp=sharing\" target=\"_blank\" rel=\"noopener\">Caderno de atividades<\/a> &#8211; <a href=\"https:\/\/drive.google.com\/file\/d\/0B14_hGp_bEX9M1JjNkw2UVg5Zmc\/view?usp=sharing\" target=\"_blank\" rel=\"noopener\">Caminhos de mel<\/a> &#8211;<\/p>\n<p>&#8211; <a href=\"https:\/\/drive.google.com\/file\/d\/0B14_hGp_bEX9LTN3NDBJMDRQYWM\/view?usp=sharing\" target=\"_blank\" rel=\"noopener\">Tabuleiro Fibopoly<\/a> &#8211; <a href=\"https:\/\/drive.google.com\/file\/d\/0B14_hGp_bEX9NmdMdFU2NVlLWjg\/view?usp=sharing\" target=\"_blank\" rel=\"noopener\">Cart\u00f5es Fibopoly<\/a> &#8211; <a href=\"https:\/\/drive.google.com\/file\/d\/0B14_hGp_bEX9QkxpRTlzdWQ1dzA\/view?usp=sharing\" target=\"_blank\" rel=\"noopener\">Fibonacci Cards<\/a><\/p>\n<p>Constru\u00e7\u00f5es informais: <a href=\"https:\/\/youtu.be\/MNarZBZk3wE\" target=\"_blank\" rel=\"noopener\">Tri\u00e2ngulo de ouro<\/a> &#8211; <a href=\"https:\/\/youtu.be\/dSp0pWzfGZo\" target=\"_blank\" rel=\"noopener\">Ret\u00e2ngulo de ouro<\/a> &#8211; <a href=\"https:\/\/youtu.be\/w_jMYr445xg\" target=\"_blank\" rel=\"noopener\">Pent\u00e1gono<\/a> &#8211;<\/p>\n<p>&#8211; <a href=\"https:\/\/youtu.be\/cscg_uy2sBw\" target=\"_blank\" rel=\"noopener\">Pentagrama<\/a><\/p>\n<p>MatFic\u00e7\u00e3o: <a href=\"https:\/\/youtu.be\/CmrQD0wJHAQ\" target=\"_blank\" rel=\"noopener\">O tesouro de Fibonacci<\/a> &#8211; <a href=\"https:\/\/youtu.be\/qdC6wp2R-6c\" target=\"_blank\" rel=\"noopener\">Fibobloopers<\/a><\/p>\n<p>Ana Lopes, Maria Bem<\/td>\n<\/tr>\n<\/tbody>\n<\/table>\n<p><strong>Conex\u00f5es matem\u00e1ticas: da Culin\u00e1ria \u00e0 Astronomia<\/strong><\/p>\n<table border=\"0\">\n<tbody>\n<tr>\n<td><a href=\"https:\/\/sites.uac.pt\/mea\/files\/2015\/12\/am-15-16-10.jpg\" target=\"_blank\" rel=\"noopener\"><img loading=\"lazy\" decoding=\"async\" class=\"alignnone size-thumbnail wp-image-227\" src=\"https:\/\/sites.uac.pt\/mea\/files\/2015\/12\/am-15-16-10.jpg\" alt=\"am1516-10\" width=\"190\" height=\"150\" \/><\/a><\/td>\n<td>Explorar conex\u00f5es matem\u00e1ticas: <a href=\"https:\/\/youtu.be\/zji5-9H64pc\" target=\"_blank\" rel=\"noopener\">Conex\u00f5es por todo o lado!<\/a> &#8212; <a href=\"https:\/\/youtu.be\/OLmzIf9FLvw\" target=\"_blank\" rel=\"noopener\">Cozinhar Matem\u00e1tica<\/a> &#8211; <a href=\"https:\/\/youtu.be\/nVe9-xYoQjM\" target=\"_blank\" rel=\"noopener\">Explorar a Matem\u00e1tica numa laranja<\/a><\/p>\n<p>Atividades: <a href=\"https:\/\/drive.google.com\/file\/d\/0B14_hGp_bEX9TENvUVc1V2p5c1k\/view?usp=sharing\" target=\"_blank\" rel=\"noopener\">Caderno de atividades<\/a> &#8211; <a href=\"https:\/\/youtu.be\/oZ0yGLRibSU\" target=\"_blank\" rel=\"noopener\">Jogo do Foguet\u00e3o<\/a><\/p>\n<p><a href=\"https:\/\/drive.google.com\/file\/d\/0B14_hGp_bEX9MFJSckZOYTdFb1k\/view?usp=sharing\" target=\"_blank\" rel=\"noopener\">Vida e obra de Pedro Nunes<\/a><\/p>\n<p><a href=\"https:\/\/youtu.be\/b8G2q_EnzdI\" target=\"_blank\" rel=\"noopener\">Bastidores e booplers do trabalho de grupo<\/a><\/p>\n<p>L\u00eddia Medeiros, Marilda Medeiros<\/td>\n<\/tr>\n<\/tbody>\n<\/table>\n","protected":false},"excerpt":{"rendered":"<p>Ros\u00e1ceas Cat\u00e1logos: Ros\u00e1ceas c\u00edclicas &#8211; Ros\u00e1ceas diedraisMath &amp; Walk: \u00c0 descoberta de ros\u00e1ceas E se os enfeites de Natal fossem ros\u00e1ceas? Parte 1 &#8211; Parte 2 &#8211; Parte 3 Atividades de explora\u00e7\u00e3o dos conceitos de simetria de rota\u00e7\u00e3o e de reflex\u00e3o Rita Feleja, Ana Beatriz Raposo Frisos \u00c0 descoberta de frisos: Como classificar um friso? [&hellip;]<\/p>\n","protected":false},"author":282,"featured_media":0,"parent":60,"menu_order":0,"comment_status":"closed","ping_status":"closed","template":"","meta":{"_monsterinsights_skip_tracking":false,"_monsterinsights_sitenote_active":false,"_monsterinsights_sitenote_note":"","_monsterinsights_sitenote_category":0,"footnotes":""},"class_list":["post-991","page","type-page","status-publish","hentry"],"_links":{"self":[{"href":"https:\/\/sites.uac.pt\/mea\/wp-json\/wp\/v2\/pages\/991","targetHints":{"allow":["GET"]}}],"collection":[{"href":"https:\/\/sites.uac.pt\/mea\/wp-json\/wp\/v2\/pages"}],"about":[{"href":"https:\/\/sites.uac.pt\/mea\/wp-json\/wp\/v2\/types\/page"}],"author":[{"embeddable":true,"href":"https:\/\/sites.uac.pt\/mea\/wp-json\/wp\/v2\/users\/282"}],"replies":[{"embeddable":true,"href":"https:\/\/sites.uac.pt\/mea\/wp-json\/wp\/v2\/comments?post=991"}],"version-history":[{"count":107,"href":"https:\/\/sites.uac.pt\/mea\/wp-json\/wp\/v2\/pages\/991\/revisions"}],"predecessor-version":[{"id":1483,"href":"https:\/\/sites.uac.pt\/mea\/wp-json\/wp\/v2\/pages\/991\/revisions\/1483"}],"up":[{"embeddable":true,"href":"https:\/\/sites.uac.pt\/mea\/wp-json\/wp\/v2\/pages\/60"}],"wp:attachment":[{"href":"https:\/\/sites.uac.pt\/mea\/wp-json\/wp\/v2\/media?parent=991"}],"curies":[{"name":"wp","href":"https:\/\/api.w.org\/{rel}","templated":true}]}}