{"id":770,"date":"2014-12-25T13:38:08","date_gmt":"2014-12-25T13:38:08","guid":{"rendered":"http:\/\/sites.uac.pt\/mea\/?page_id=770"},"modified":"2025-03-25T12:43:37","modified_gmt":"2025-03-25T12:43:37","slug":"14-15","status":"publish","type":"page","link":"https:\/\/sites.uac.pt\/mea\/iniciativas\/am\/14-15\/","title":{"rendered":"Aplica\u00e7\u00f5es da Matem\u00e1tica para a Educa\u00e7\u00e3o Pr\u00e9-Escolar e para o Ensino B\u00e1sico &#8211; 2014"},"content":{"rendered":"<p><strong>A Matem\u00e1tica na Arte e na Natureza: ros\u00e1ceas com grupo de simetria c\u00edclico<\/strong><\/p>\n<table border=\"0\">\n<tbody>\n<tr>\n<td><a href=\"https:\/\/sites.uac.pt\/mea\/files\/2014\/12\/am-14-15-1.jpg\" target=\"_blank\" rel=\"noopener\"><img loading=\"lazy\" decoding=\"async\" class=\"alignnone size-thumbnail wp-image-227\" src=\"https:\/\/sites.uac.pt\/mea\/files\/2014\/12\/am-14-15-1.jpg\" alt=\"am1314-16\" width=\"180\" height=\"150\" \/><\/a><\/td>\n<td><span style=\"line-height: 19px;\">Cat\u00e1logos: <\/span><a href=\"https:\/\/drive.google.com\/file\/d\/0B14_hGp_bEX9VzJiUzRJS1IxcGs\/view?usp=sharing\" target=\"_blank\" rel=\"noopener\">Mandalas com simetria<\/a><span style=\"line-height: 19px;\"> &#8211; <\/span><a href=\"https:\/\/drive.google.com\/file\/d\/0B14_hGp_bEX9cm0wcTNwYVA2LUE\/view?usp=sharing\" target=\"_blank\" rel=\"noopener\">\u00c0 descoberta de simetrias!<\/a>Math &amp; Walk: <a href=\"https:\/\/www.youtube.com\/watch?v=BuwB43drxs8&amp;feature=youtu.be\" target=\"_blank\" rel=\"noopener\">\u00c0 descoberta de ros\u00e1ceas com grupo de simetria c\u00edclico<\/a><\/p>\n<p>Matem\u00e1tica no Artesanato: <a href=\"https:\/\/www.youtube.com\/watch?v=aCZ5UCHFr8o&amp;feature=youtu.be\" target=\"_blank\" rel=\"noopener\">Bordados dos A\u00e7ores<\/a> &#8211; <a href=\"https:\/\/www.youtube.com\/watch?v=1-oVLaJiiSo&amp;feature=youtu.be\" target=\"_blank\" rel=\"noopener\">Azulejaria Tradicional<\/a><\/p>\n<p><a href=\"https:\/\/drive.google.com\/file\/d\/0B14_hGp_bEX9OGp3bHl2UHF3XzA\/view?usp=sharing\" target=\"_blank\" rel=\"noopener\">Atividades de explora\u00e7\u00e3o do conceito de simetria de rota\u00e7\u00e3o<\/a><\/p>\n<p>Diana Soares, Saulina Machado, Dina Gomes<\/td>\n<\/tr>\n<\/tbody>\n<\/table>\n<p><strong>A Matem\u00e1tica na Arte e na Natureza: ros\u00e1ceas com grupo de simetria diedral<\/strong><\/p>\n<table border=\"0\">\n<tbody>\n<tr>\n<td><a href=\"https:\/\/sites.uac.pt\/mea\/files\/2014\/12\/am-14-15-2.JPG\" target=\"_blank\" rel=\"noopener\"><img loading=\"lazy\" decoding=\"async\" class=\"alignnone size-thumbnail wp-image-227\" src=\"https:\/\/sites.uac.pt\/mea\/files\/2014\/12\/am-14-15-2.JPG\" alt=\"am1314-16\" width=\"180\" height=\"150\" \/><\/a><\/td>\n<td>Cat\u00e1logos: <a href=\"https:\/\/drive.google.com\/file\/d\/0B14_hGp_bEX9eXJLS2llVUJ2SFk\/view?usp=sharing\" target=\"_blank\" rel=\"noopener\">Pelos caminhos de S\u00e3o Miguel<\/a> &#8211; <a href=\"https:\/\/drive.google.com\/file\/d\/0B14_hGp_bEX9VW9sZUwxYVRHQm8\/view?usp=sharing\" target=\"_blank\" rel=\"noopener\">Mandalas com simetria<\/a> &#8211; <a href=\"https:\/\/drive.google.com\/file\/d\/0B14_hGp_bEX9NXdsQzJTTkpOalE\/view?usp=sharing\" target=\"_blank\" rel=\"noopener\">Um Natal Diedral<\/a> &#8212; <a href=\"https:\/\/drive.google.com\/file\/d\/0B14_hGp_bEX9bzVPVm5tYUdQcGc\/view?usp=sharing\" target=\"_blank\" rel=\"noopener\">Desenho livre no Tess<\/a> &#8211; <a href=\"https:\/\/www.youtube.com\/watch?v=fHykRxVkdZI&amp;feature=youtu.be\" target=\"_blank\" rel=\"noopener\">Funcionalidades b\u00e1sicas do software Tess<\/a><\/p>\n<p>Math &amp; Walk: <a href=\"https:\/\/www.youtube.com\/watch?v=T9Zdtr3f3ic&amp;feature=youtu.be\" target=\"_blank\" rel=\"noopener\">\u00c0 procura de simetrias de reflex\u00e3o<\/a><\/p>\n<p><a href=\"https:\/\/www.youtube.com\/watch?v=O4U4hT8U_0I\" target=\"_blank\" rel=\"noopener\">Atividades de explora\u00e7\u00e3o do conceito de simetria de reflex\u00e3o<\/a> &#8211; <a href=\"https:\/\/drive.google.com\/file\/d\/0B14_hGp_bEX9bURDcjlLR1lrQ1E\/view?usp=sharing\" target=\"_blank\" rel=\"noopener\">Cat\u00e1logo de atividades<\/a><\/p>\n<p><a href=\"https:\/\/www.youtube.com\/watch?v=LZBiWY7SWw8&amp;feature=youtu.be\" target=\"_blank\" rel=\"noopener\">Bastidores e bloopers do trabalho de grupo<\/a><\/p>\n<p>S\u00edlvia Travassos, Jessica Silva, Joana Mota<\/td>\n<\/tr>\n<\/tbody>\n<\/table>\n<p><strong>A Matem\u00e1tica na Arte: os sete grupos de frisos<\/strong><\/p>\n<table border=\"0\">\n<tbody>\n<tr>\n<td><a href=\"https:\/\/sites.uac.pt\/mea\/files\/2014\/12\/am-14-15-3B.jpg\" target=\"_blank\" rel=\"noopener\"><img loading=\"lazy\" decoding=\"async\" class=\"alignnone size-thumbnail wp-image-227\" src=\"https:\/\/sites.uac.pt\/mea\/files\/2014\/12\/am-14-15-3B.jpg\" alt=\"am1314-16\" width=\"210\" height=\"150\" \/><\/a><\/td>\n<td>\u00c0 descoberta de frisos: <a href=\"https:\/\/drive.google.com\/file\/d\/0B14_hGp_bEX9LUZlR29MUGs4UzA\/view?usp=sharing\" target=\"_blank\" rel=\"noopener\">Como classificar um friso?<\/a> &#8211; <a href=\"https:\/\/drive.google.com\/file\/d\/0B14_hGp_bEX9Ym8xc3JXZFJGS1E\/view?usp=sharing\" target=\"_blank\" rel=\"noopener\">Cat\u00e1logo<\/a> &#8211; <a href=\"https:\/\/drive.google.com\/file\/d\/0B14_hGp_bEX9RW9PQU5XNEM4ZFE\/view?usp=sharing\" target=\"_blank\" rel=\"noopener\">Roteiro<\/a><a href=\"https:\/\/www.youtube.com\/watch?v=sKoQLCwLNVQ&amp;feature=youtu.be\" target=\"_blank\" rel=\"noopener\">Tess para Iniciantes<\/a> &#8211; <a href=\"https:\/\/www.youtube.com\/watch?v=dOmX3GMz-y4\" target=\"_blank\" rel=\"noopener\">Constru\u00e7\u00e3o de frisos com o DVD da Associa\u00e7\u00e3o Atractor<\/a><\/p>\n<p>Math &amp; Walk: <a href=\"https:\/\/www.youtube.com\/watch?v=Wgt39p6_zLk&amp;feature=youtu.be\" target=\"_blank\" rel=\"noopener\">\u00c0 descoberta de frisos<\/a> &#8211; <a href=\"https:\/\/www.youtube.com\/watch?v=V8m_kKQ9PjE&amp;feature=youtu.be\" target=\"_blank\" rel=\"noopener\">Conversas sobre frisos<\/a><\/p>\n<p>Atividades: <a href=\"https:\/\/drive.google.com\/file\/d\/0B14_hGp_bEX9d1NjSS14YVVQc00\/view?usp=sharing\" target=\"_blank\" rel=\"noopener\">Atividades com crian\u00e7as<\/a> &#8211; <a href=\"https:\/\/drive.google.com\/file\/d\/0B14_hGp_bEX9Unh3ZmhPSzJkX28\/view?usp=sharing\" target=\"_blank\" rel=\"noopener\">Adivinha o tipo de friso!<\/a><\/p>\n<p><a href=\"https:\/\/www.youtube.com\/watch?v=KvS2XSeI3_U&amp;feature=youtu.be\" target=\"_blank\" rel=\"noopener\">Bloopers e bastidores do trabalho de grupo<\/a><\/p>\n<p>Laura Brasil, Jessica Andrade, Beatriz Melo<\/td>\n<\/tr>\n<\/tbody>\n<\/table>\n<p><strong>A Matem\u00e1tica na Arte: padr\u00f5es e pavimenta\u00e7\u00f5es<\/strong><\/p>\n<table border=\"0\">\n<tbody>\n<tr>\n<td><a href=\"https:\/\/sites.uac.pt\/mea\/files\/2014\/12\/am-14-15-4.png\" target=\"_blank\" rel=\"noopener\"><img loading=\"lazy\" decoding=\"async\" class=\"alignnone size-thumbnail wp-image-227\" src=\"https:\/\/sites.uac.pt\/mea\/files\/2014\/12\/am-14-15-4.png\" alt=\"am1314-16\" width=\"210\" height=\"150\" \/><\/a><\/td>\n<td>Cat\u00e1logos: <a href=\"https:\/\/drive.google.com\/file\/d\/0B14_hGp_bEX9ZG9SLWE2MTRqZmc\/view?usp=sharing\" target=\"_blank\" rel=\"noopener\">Desenho livre<\/a> &#8211; <a href=\"https:\/\/drive.google.com\/file\/d\/0B14_hGp_bEX9VEJGcWx5Ym9LSWM\/view?usp=sharing\" target=\"_blank\" rel=\"noopener\">\u00c0 descoberta de padr\u00f5es<\/a> &#8211; <a href=\"https:\/\/drive.google.com\/file\/d\/0B14_hGp_bEX9NXE3MXo0ZmFvUEU\/view?usp=sharing\" target=\"_blank\" rel=\"noopener\">Pavimenta\u00e7\u00f5es<\/a>Math &amp; Walk: <a href=\"https:\/\/youtu.be\/b0LsVHssaJ0\" target=\"_blank\" rel=\"noopener\">\u00c0 descoberta de padr\u00f5es pelas ruas de Ponta Delgada<\/a><\/p>\n<p><a href=\"https:\/\/youtu.be\/Zg8m5yD7ucY\" target=\"_blank\" rel=\"noopener\">Vida e obra de Escher<\/a><\/p>\n<p>Atividades: <a href=\"https:\/\/drive.google.com\/file\/d\/0B14_hGp_bEX9SlVrMGdqVTRoU1E\/view?usp=sharing\" target=\"_blank\" rel=\"noopener\">Caderno de atividades<\/a><\/p>\n<p><a href=\"https:\/\/youtu.be\/bk-4DqBoEQY\" target=\"_blank\" rel=\"noopener\">Bastidores e bloopers do trabalho de grupo<\/a><\/p>\n<p>Liliana Ponte, Hugo Freitas<\/td>\n<\/tr>\n<\/tbody>\n<\/table>\n<p><strong>Explorar e aprender com materiais manipul\u00e1veis<\/strong><\/p>\n<table border=\"0\">\n<tbody>\n<tr>\n<td><a href=\"https:\/\/sites.uac.pt\/mea\/files\/2014\/12\/am-14-15-5.jpg\" target=\"_blank\" rel=\"noopener\"><img loading=\"lazy\" decoding=\"async\" class=\"alignnone size-thumbnail wp-image-227\" src=\"https:\/\/sites.uac.pt\/mea\/files\/2014\/12\/am-14-15-5.jpg\" alt=\"am1314-16\" width=\"190\" height=\"150\" \/><\/a><\/td>\n<td><a href=\"https:\/\/drive.google.com\/file\/d\/0B14_hGp_bEX9TFZDVHY1UFdhd2c\/view?usp=sharing\" target=\"_blank\" rel=\"noopener\">Descobrindo os Materiais Manipul\u00e1veis<\/a> &#8211; <a href=\"https:\/\/drive.google.com\/file\/d\/0B14_hGp_bEX9Xzc2VV9JSzNsMWc\/view?usp=sharing\" target=\"_blank\" rel=\"noopener\">Panfleto de Materiais Manipul\u00e1veis<\/a>Atividades: <a href=\"https:\/\/drive.google.com\/file\/d\/0B14_hGp_bEX9T0Q0cXJSbnJhZjg\/view?usp=sharing\" target=\"_blank\" rel=\"noopener\">Caderno do Pr\u00e9-Escolar<\/a> &#8211; <a href=\"https:\/\/youtu.be\/7Pw9OD1T7ko\" target=\"_blank\" rel=\"noopener\">V\u00eddeo com atividades para o Pr\u00e9-Escolar<\/a> &#8211;<\/p>\n<p>&#8211; <a href=\"https:\/\/drive.google.com\/file\/d\/0B14_hGp_bEX9RzljVEk2YUJsVTg\/view?usp=sharing\" target=\"_blank\" rel=\"noopener\">Caderno do 1.\u00ba Ciclo<\/a> &#8211; <a href=\"https:\/\/youtu.be\/wl_olBCaMu0\" target=\"_blank\" rel=\"noopener\">V\u00eddeo com atividades para o 1.\u00ba Ciclo<\/a><\/p>\n<p><a href=\"https:\/\/youtu.be\/a04aWXNpyjY\" target=\"_blank\" rel=\"noopener\">Bastidores do trabalho de grupo<\/a><\/p>\n<p>Catarina Marques, Fl\u00e1via Pires, Helena Alves<\/td>\n<\/tr>\n<\/tbody>\n<\/table>\n<p><strong>Jogos matem\u00e1ticos e atividades num\u00e9ricas<\/strong><\/p>\n<table border=\"0\">\n<tbody>\n<tr>\n<td><a href=\"https:\/\/sites.uac.pt\/mea\/files\/2014\/12\/am-14-15-6.png\" target=\"_blank\" rel=\"noopener\"><img loading=\"lazy\" decoding=\"async\" class=\"alignnone size-thumbnail wp-image-227\" src=\"https:\/\/sites.uac.pt\/mea\/files\/2014\/12\/am-14-15-6.png\" alt=\"am1314-16\" width=\"150\" height=\"150\" \/><\/a><\/td>\n<td>Jogos do CNJM: <a href=\"https:\/\/www.youtube.com\/watch?v=EuTvDXjHL_s&amp;feature=youtu.be\" target=\"_blank\" rel=\"noopener\">Gatos &amp; C\u00e3es<\/a> &#8211; <a href=\"https:\/\/www.youtube.com\/watch?v=1kluqsJr3O8&amp;feature=youtu.be\" target=\"_blank\" rel=\"noopener\">Konane<\/a> <span style=\"line-height: 19px;\"> &#8211; <a href=\"https:\/\/www.youtube.com\/watch?v=lksCwA8WXNU\" target=\"_blank\" rel=\"noopener\">Regras do Ouri<\/a> &#8211; <\/span><a href=\"https:\/\/drive.google.com\/file\/d\/0B14_hGp_bEX9TzdlNHZPeWp0VVU\/view?usp=sharing\" target=\"_blank\" rel=\"noopener\">Estrat\u00e9gias do Ouri<\/a>Jogos num\u00e9ricos: <a href=\"https:\/\/www.youtube.com\/watch?v=GZPIqdM4t8k&amp;feature=youtu.be\" target=\"_blank\" rel=\"noopener\">MathDice J\u00fanior<\/a> &#8211; <a href=\"https:\/\/www.youtube.com\/watch?v=XjrFnsZoG9o&amp;feature=youtu.be\" target=\"_blank\" rel=\"noopener\">Mathable J\u00fanior<\/a><\/p>\n<p>Outras atividades: <a href=\"https:\/\/drive.google.com\/file\/d\/0B14_hGp_bEX9bTBrVEhnUDFTWVU\/view?usp=sharing\" target=\"_blank\" rel=\"noopener\">Curiosidades e truques num\u00e9ricos<\/a> &#8211; <a href=\"https:\/\/www.youtube.com\/watch?v=s2mxF7UT07w&amp;feature=youtu.be\" target=\"_blank\" rel=\"noopener\">Quadrados m\u00e1gicos<\/a> &#8211;<\/p>\n<p>&#8211; <a href=\"https:\/\/drive.google.com\/file\/d\/0B14_hGp_bEX9RkNWTTRwZndSbTA\/view?usp=sharing\" target=\"_blank\" rel=\"noopener\">Jogo Equilogic<\/a> &#8211; <a href=\"https:\/\/drive.google.com\/file\/d\/0B14_hGp_bEX9XzRZeGkxZ0pEWmM\/view?usp=sharing\" target=\"_blank\" rel=\"noopener\">Caderno de atividades<\/a><\/p>\n<p><a href=\"https:\/\/www.youtube.com\/watch?v=MgbMX2oJ4Ds&amp;feature=youtu.be\" target=\"_blank\" rel=\"noopener\">Bastidores e bloopers do trabalho de grupo<\/a><\/p>\n<p>Joana Costa, Ver\u00f3nica Silva, Mariana Amaral<\/td>\n<\/tr>\n<\/tbody>\n<\/table>\n<p><strong>Jogos matem\u00e1ticos e atividades geom\u00e9tricas<\/strong><\/p>\n<table border=\"0\">\n<tbody>\n<tr>\n<td><a href=\"https:\/\/sites.uac.pt\/mea\/files\/2014\/12\/am-14-15-7.jpg\" target=\"_blank\" rel=\"noopener\"><img loading=\"lazy\" decoding=\"async\" class=\"alignnone size-thumbnail wp-image-227\" src=\"https:\/\/sites.uac.pt\/mea\/files\/2014\/12\/am-14-15-7.jpg\" alt=\"am1314-16\" width=\"180\" height=\"150\" \/><\/a><\/td>\n<td>Jogos do CNJM: <a href=\"https:\/\/youtu.be\/DVrEyfeFouA\" target=\"_blank\" rel=\"noopener\">Sem\u00e1foro<\/a> &#8211; <a href=\"https:\/\/youtu.be\/_lUhUFNOHTo\" target=\"_blank\" rel=\"noopener\">Rastros<\/a> &#8211; <a href=\"https:\/\/youtu.be\/8P9ursHMn9M\" target=\"_blank\" rel=\"noopener\">Hex<\/a> &#8211; <a href=\"https:\/\/youtu.be\/ssaNoF782Mw\" target=\"_blank\" rel=\"noopener\">Pontos e Quadrados<\/a>Puzzles geom\u00e9tricos: <a href=\"https:\/\/drive.google.com\/file\/d\/0B14_hGp_bEX9THBWNFRaV1dXX2M\/view?usp=sharing\" target=\"_blank\" rel=\"noopener\">Cat\u00e1logo de puzzles<\/a> &#8211; <a href=\"https:\/\/youtu.be\/5N6ke6R1R68\" target=\"_blank\" rel=\"noopener\">Smart Car<\/a> &#8211; <a href=\"https:\/\/youtu.be\/LHUbYAhGTWU\" target=\"_blank\" rel=\"noopener\">Castle Logix<\/a> &#8211;<\/p>\n<p>&#8211; <a href=\"https:\/\/youtu.be\/Z9uyzhxXKmM\" target=\"_blank\" rel=\"noopener\">Stomachion<\/a> &#8211; <a href=\"https:\/\/youtu.be\/ag1pXVa9-tQ\" target=\"_blank\" rel=\"noopener\">Pentalfa<\/a> &#8211; <a href=\"https:\/\/youtu.be\/hjt7GyQIZko\" target=\"_blank\" rel=\"noopener\">Missing Square<\/a> (inclui truque com uma tablete de chocolate)<\/p>\n<p>Outras atividades: <a href=\"https:\/\/drive.google.com\/file\/d\/0B14_hGp_bEX9NVJJQTVVdTc4TWM\/view?usp=sharing\" target=\"_blank\" rel=\"noopener\">Atividades com f\u00f3sforos<\/a> &#8211; <a href=\"https:\/\/youtu.be\/7zvw9RdbjO8\" target=\"_blank\" rel=\"noopener\">Como manter um bolo sempre fresco<\/a><\/p>\n<p><a href=\"https:\/\/youtu.be\/N4fS6C2moS8\" target=\"_blank\" rel=\"noopener\">Bastidores e booplers do trabalho de grupo<\/a><\/p>\n<p>Sofia Amaral, Ivo Jarimba, Carla Medeiros<\/td>\n<\/tr>\n<\/tbody>\n<\/table>\n<p><strong>Jogos e atividades com cartas<\/strong><\/p>\n<table border=\"0\">\n<tbody>\n<tr>\n<td><a href=\"https:\/\/sites.uac.pt\/mea\/files\/2014\/12\/am-14-15-8.JPG\" target=\"_blank\" rel=\"noopener\"><img loading=\"lazy\" decoding=\"async\" class=\"alignnone size-thumbnail wp-image-227\" src=\"https:\/\/sites.uac.pt\/mea\/files\/2014\/12\/am-14-15-8.JPG\" alt=\"am1314-16\" width=\"190\" height=\"150\" \/><\/a><\/td>\n<td>Cat\u00e1logos: <a href=\"https:\/\/drive.google.com\/file\/d\/0B14_hGp_bEX9Zm5yZU9hWnRUV0U\/view?usp=sharing\" target=\"_blank\" rel=\"noopener\">Aprender Matem\u00e1tica com Jogos de Cartas do Mundo<\/a> &#8212; <a href=\"https:\/\/drive.google.com\/file\/d\/0B14_hGp_bEX9QjgtZC1ISmtlU00\/view?usp=sharing\" target=\"_blank\" rel=\"noopener\">Jogos e Atividades com o Baralho de Cartas Tradicional<\/a><\/p>\n<p>Math &amp; Walk: <a href=\"https:\/\/www.youtube.com\/watch?v=rYAGdfEmUUw\" target=\"_blank\" rel=\"noopener\">Truques de cartas<\/a><\/p>\n<p><a href=\"https:\/\/www.youtube.com\/watch?v=DcX-lxAvigM&amp;feature=youtu.be\" target=\"_blank\" rel=\"noopener\">The Making of: Figurinhas<\/a><\/p>\n<p><a href=\"https:\/\/www.youtube.com\/watch?v=jCsoo0Mk0dg&amp;feature=youtu.be\" target=\"_blank\" rel=\"noopener\">Bloopers e bastidores do trabalho de grupo<\/a><\/p>\n<p>J\u00falia Melo, Andreia Fernandes, Carina Souto<\/td>\n<\/tr>\n<\/tbody>\n<\/table>\n<p><strong>Origami: explorar a Matem\u00e1tica atrav\u00e9s de uma arte milenar<\/strong><\/p>\n<table border=\"0\">\n<tbody>\n<tr>\n<td><a href=\"https:\/\/sites.uac.pt\/mea\/files\/2014\/12\/am-14-15-9.jpg\" target=\"_blank\" rel=\"noopener\"><img loading=\"lazy\" decoding=\"async\" class=\"alignnone size-thumbnail wp-image-227\" src=\"https:\/\/sites.uac.pt\/mea\/files\/2014\/12\/am-14-15-9.jpg\" alt=\"am1314-16\" width=\"150\" height=\"150\" \/><\/a><\/td>\n<td>Cat\u00e1logos: <a href=\"https:\/\/www.youtube.com\/watch?v=ISGEm4lEeaE&amp;feature=youtu.be\" target=\"_blank\" rel=\"noopener\">Origanimal<\/a> &#8211; <a href=\"https:\/\/www.youtube.com\/watch?v=tXFnMIt4ph0&amp;feature=youtu.be\" target=\"_blank\" rel=\"noopener\">Origamicasa<\/a> &#8211; <a href=\"https:\/\/www.youtube.com\/watch?v=F9GZGekMPbY&amp;list=UUcNXAJfdlTeYfdE9OgaQkgA\" target=\"_blank\" rel=\"noopener\">Origanatal<\/a>Guias pr\u00e1ticos: <a href=\"https:\/\/www.youtube.com\/watch?v=8rYWiJhoIN4&amp;list=UUcNXAJfdlTeYfdE9OgaQkgA\" target=\"_blank\" rel=\"noopener\">Axiomas de Huzita-Hatori<\/a> &#8211; <a href=\"https:\/\/www.youtube.com\/watch?v=2DcGkPxZXjQ&amp;feature=youtu.be\" target=\"_blank\" rel=\"noopener\">Paper Folding 3D<\/a> &#8211; <a href=\"https:\/\/www.youtube.com\/watch?v=Z7bt5SC3PlU&amp;feature=youtu.be\" target=\"_blank\" rel=\"noopener\">Como construir um cisne<\/a> &#8211;<\/p>\n<p>&#8211; <a href=\"https:\/\/www.youtube.com\/watch?v=kjnVA6bOi6I&amp;list=UUcNXAJfdlTeYfdE9OgaQkgA\" target=\"_blank\" rel=\"noopener\">Origami modular e Kusudama<\/a> &#8211; <a href=\"https:\/\/www.youtube.com\/watch?v=AJSFWh3NYP0&amp;feature=youtu.be\" target=\"_blank\" rel=\"noopener\">Como construir um hexaflex\u00e1gono<\/a><\/p>\n<p>Atividades: <a href=\"https:\/\/www.youtube.com\/watch?v=nNn7_kjAUGo&amp;feature=youtu.be\" target=\"_blank\" rel=\"noopener\">Origami para crian\u00e7as<\/a> &#8211; <a href=\"https:\/\/drive.google.com\/file\/d\/0B14_hGp_bEX9V2tsT0haem1JN1U\/view?usp=sharing\" target=\"_blank\" rel=\"noopener\">Caderno &#8220;Origamat&#8221;<\/a> &#8211; <a href=\"https:\/\/drive.google.com\/file\/d\/0B14_hGp_bEX9a1oycmNzSE1TTGM\/view?usp=sharing\" target=\"_blank\" rel=\"noopener\"> Caderno &#8220;Origamic&#8221;<\/a><\/p>\n<p><a href=\"https:\/\/www.youtube.com\/watch?v=0FEMr3qAeKI&amp;feature=youtu.be\" target=\"_blank\" rel=\"noopener\">Bastidores e bloopers do trabalho de grupo<\/a><\/p>\n<p>Jessica Barbosa, Cristina Ferraz<\/td>\n<\/tr>\n<\/tbody>\n<\/table>\n<p><strong>A raz\u00e3o \u00e1urea e os intrigantes n\u00fameros de Fibonacci<\/strong><\/p>\n<table border=\"0\">\n<tbody>\n<tr>\n<td><a href=\"https:\/\/sites.uac.pt\/mea\/files\/2014\/12\/am-14-15-10.jpg\" target=\"_blank\" rel=\"noopener\"><img loading=\"lazy\" decoding=\"async\" class=\"alignnone size-thumbnail wp-image-227\" src=\"https:\/\/sites.uac.pt\/mea\/files\/2014\/12\/am-14-15-10.jpg\" alt=\"am1314-16\" width=\"190\" height=\"150\" \/><\/a><\/td>\n<td>Constru\u00e7\u00f5es com o GeoEnZo: <a href=\"https:\/\/www.youtube.com\/watch?v=ir_Re9kG_DA\" target=\"_blank\" rel=\"noopener\">Pent\u00e1gono e pentagrama<\/a> &#8211; <a href=\"https:\/\/www.youtube.com\/watch?v=RuhAsccwUTs&amp;feature=youtu.be\" target=\"_blank\" rel=\"noopener\">Ret\u00e2ngulo de ouro<\/a>\u00c0 descoberta dos n\u00fameros de Fibonacci&#8230; <a href=\"https:\/\/www.youtube.com\/watch?v=iXedUmrMPl4\" target=\"_blank\" rel=\"noopener\">Nos ananases<\/a> &#8211; <a href=\"https:\/\/www.youtube.com\/watch?v=hDMgNkeI5ZU\" target=\"_blank\" rel=\"noopener\">Nas margaridas<\/a><\/p>\n<p><a href=\"https:\/\/drive.google.com\/file\/d\/0B14_hGp_bEX9cXRxX1JXdF9tVVk\/view?usp=sharing\" target=\"_blank\" rel=\"noopener\">Caderno de atividades<\/a> &#8211; <a href=\"https:\/\/www.youtube.com\/watch?v=pThPOfOF05k\" target=\"_blank\" rel=\"noopener\">Jogo de tabuleiro<\/a> &#8211; <a href=\"https:\/\/drive.google.com\/file\/d\/0B14_hGp_bEX9UWxFLUxTZklINkk\/view?usp=sharing\" target=\"_blank\" rel=\"noopener\">Fibonacci passo a passo<\/a><\/p>\n<p>MatFic\u00e7\u00e3o: <a href=\"https:\/\/www.youtube.com\/watch?v=r26pln6wmLg\" target=\"_blank\" rel=\"noopener\">Sherlock e o caso dos n\u00fameros de Fibonacci<\/a><\/p>\n<p>Bastidores e bloopers do trabalho de grupo: <a href=\"https:\/\/www.youtube.com\/watch?v=5t3tt34tjlg\" target=\"_blank\" rel=\"noopener\">Parte I<\/a> &#8211; <a href=\"https:\/\/www.youtube.com\/watch?v=jQIvV0esLys\" target=\"_blank\" rel=\"noopener\">Parte II<\/a><\/p>\n<p>Ana Gon\u00e7alves, Bruno Tavares, Rui Martins<\/td>\n<\/tr>\n<\/tbody>\n<\/table>\n<p><strong>Matem\u00e1tica e Astronomia<\/strong><\/p>\n<table border=\"0\">\n<tbody>\n<tr>\n<td><a href=\"https:\/\/sites.uac.pt\/mea\/files\/2014\/12\/am-14-15-11.png\" target=\"_blank\" rel=\"noopener\"><img loading=\"lazy\" decoding=\"async\" class=\"alignnone size-thumbnail wp-image-227\" src=\"https:\/\/sites.uac.pt\/mea\/files\/2014\/12\/am-14-15-11.png\" alt=\"am1314-16\" width=\"190\" height=\"150\" \/><\/a><\/td>\n<td>Os extraterrestres est\u00e3o entre n\u00f3s! &#8211; <a href=\"https:\/\/www.youtube.com\/watch?v=aJRxMoS4Oe8\" target=\"_blank\" rel=\"noopener\">Not\u00edcia de abertura<\/a> &#8212; <a href=\"https:\/\/www.youtube.com\/watch?v=-3DTV5rFGhI\" target=\"_blank\" rel=\"noopener\">Caracter\u00edsticas dos planetas do sistema solar<\/a> &#8211; <a href=\"https:\/\/www.youtube.com\/watch?v=sSOI8i_AHtE\" target=\"_blank\" rel=\"noopener\">A Quest\u00e3o de Plut\u00e3o<\/a><\/p>\n<p>Atividades: <a href=\"https:\/\/drive.google.com\/file\/d\/0B14_hGp_bEX9b3Y4em8tZXhJUkk\/view?usp=sharing\" target=\"_blank\" rel=\"noopener\">Caderno de atividades<\/a> &#8211; <a href=\"https:\/\/www.youtube.com\/watch?v=1hu3Mi5fr_k&amp;feature=youtu.be\" target=\"_blank\" rel=\"noopener\">Atividades com crian\u00e7as<\/a><\/p>\n<p><a href=\"https:\/\/www.youtube.com\/watch?v=uw6gWGNGeWg&amp;feature=youtu.be\" target=\"_blank\" rel=\"noopener\">Uma viagem matem\u00e1tica pelo Universo<\/a> &#8211; <a href=\"https:\/\/drive.google.com\/file\/d\/0B14_hGp_bEX9UlF0SHhhUldkMUU\/view?usp=sharing\" target=\"_blank\" rel=\"noopener\">Jogo &#8220;Viagem pelo Espa\u00e7o&#8221;<\/a><\/p>\n<p><a href=\"https:\/\/www.youtube.com\/watch?v=n-LJkrP9BVI\" target=\"_blank\" rel=\"noopener\">Bastidores e booplers do trabalho de grupo<\/a><\/p>\n<p>Elisa Moniz, C\u00e1tia Faria, Carina Sousa<\/td>\n<\/tr>\n<\/tbody>\n<\/table>\n","protected":false},"excerpt":{"rendered":"<p>A Matem\u00e1tica na Arte e na Natureza: ros\u00e1ceas com grupo de simetria c\u00edclico Cat\u00e1logos: Mandalas com simetria &#8211; \u00c0 descoberta de simetrias!Math &amp; Walk: \u00c0 descoberta de ros\u00e1ceas com grupo de simetria c\u00edclico Matem\u00e1tica no Artesanato: Bordados dos A\u00e7ores &#8211; Azulejaria Tradicional Atividades de explora\u00e7\u00e3o do conceito de simetria de rota\u00e7\u00e3o Diana Soares, Saulina Machado, [&hellip;]<\/p>\n","protected":false},"author":282,"featured_media":0,"parent":60,"menu_order":0,"comment_status":"closed","ping_status":"closed","template":"","meta":{"_monsterinsights_skip_tracking":false,"_monsterinsights_sitenote_active":false,"_monsterinsights_sitenote_note":"","_monsterinsights_sitenote_category":0,"footnotes":""},"class_list":["post-770","page","type-page","status-publish","hentry"],"_links":{"self":[{"href":"https:\/\/sites.uac.pt\/mea\/wp-json\/wp\/v2\/pages\/770","targetHints":{"allow":["GET"]}}],"collection":[{"href":"https:\/\/sites.uac.pt\/mea\/wp-json\/wp\/v2\/pages"}],"about":[{"href":"https:\/\/sites.uac.pt\/mea\/wp-json\/wp\/v2\/types\/page"}],"author":[{"embeddable":true,"href":"https:\/\/sites.uac.pt\/mea\/wp-json\/wp\/v2\/users\/282"}],"replies":[{"embeddable":true,"href":"https:\/\/sites.uac.pt\/mea\/wp-json\/wp\/v2\/comments?post=770"}],"version-history":[{"count":198,"href":"https:\/\/sites.uac.pt\/mea\/wp-json\/wp\/v2\/pages\/770\/revisions"}],"predecessor-version":[{"id":1481,"href":"https:\/\/sites.uac.pt\/mea\/wp-json\/wp\/v2\/pages\/770\/revisions\/1481"}],"up":[{"embeddable":true,"href":"https:\/\/sites.uac.pt\/mea\/wp-json\/wp\/v2\/pages\/60"}],"wp:attachment":[{"href":"https:\/\/sites.uac.pt\/mea\/wp-json\/wp\/v2\/media?parent=770"}],"curies":[{"name":"wp","href":"https:\/\/api.w.org\/{rel}","templated":true}]}}