{"id":60,"date":"2012-12-24T17:43:42","date_gmt":"2012-12-24T17:43:42","guid":{"rendered":"http:\/\/sites.uac.pt\/mea\/?page_id=60"},"modified":"2025-09-06T12:48:50","modified_gmt":"2025-09-06T11:48:50","slug":"am","status":"publish","type":"page","link":"https:\/\/sites.uac.pt\/mea\/iniciativas\/am\/","title":{"rendered":"Aplica\u00e7\u00f5es da Matem\u00e1tica"},"content":{"rendered":"<p><img loading=\"lazy\" decoding=\"async\" class=\"alignleft size-thumbnail wp-image-61\" style=\"margin-left: 0px;margin-right: 10px\" src=\"https:\/\/sites.uac.pt\/mea\/files\/2012\/12\/Ric6-150x150.jpg\" alt=\"Ric6\" width=\"150\" height=\"150\" \/><\/p>\n<p>Aprecie alguns trabalhos desenvolvidos pelos alunos do\u00a0ciclo de estudos\u00a0em Educa\u00e7\u00e3o B\u00e1sica, curso de licenciatura do Departamento de Educa\u00e7\u00e3o da Faculdade de Ci\u00eancias Sociais e Humanas da Universidade dos A\u00e7ores, na unidade curricular <span style=\"font-style: italic\">Aplica\u00e7\u00f5es da Matem\u00e1tica<\/span>, da responsabilidade de Ricardo Cunha Teixeira.<\/p>\n<p><strong>Trabalhos desenvolvidos:<\/strong> <a href=\"https:\/\/sites.uac.pt\/mea\/iniciativas\/am\/16-17\/\" target=\"_blank\" rel=\"noopener\">2016-2017<\/a><\/p>\n<p>Anos letivos anteriores: <a href=\"https:\/\/sites.uac.pt\/mea\/iniciativas\/am\/15-16\/\" target=\"_blank\" rel=\"noopener\">2015-2016<\/a> ; <a href=\"https:\/\/sites.uac.pt\/mea\/iniciativas\/am\/14-15\/\" target=\"_blank\" rel=\"noopener\">2014-2015<\/a> ; <a href=\"https:\/\/sites.uac.pt\/mea\/iniciativas\/am\/13-14\/\" target=\"_blank\" rel=\"noopener\">2013-2014<\/a> ; <a href=\"https:\/\/sites.uac.pt\/mea\/iniciativas\/am\/12-13\/\" target=\"_blank\" rel=\"noopener\">2012-2013<\/a> ; 2008-2009 a 2011-2012<\/p>\n","protected":false},"excerpt":{"rendered":"<p>Aprecie alguns trabalhos desenvolvidos pelos alunos do\u00a0ciclo de estudos\u00a0em Educa\u00e7\u00e3o B\u00e1sica, curso de licenciatura do Departamento de Educa\u00e7\u00e3o da Faculdade de Ci\u00eancias Sociais e Humanas da Universidade dos A\u00e7ores, na unidade curricular Aplica\u00e7\u00f5es da Matem\u00e1tica, da responsabilidade de Ricardo Cunha Teixeira. Trabalhos desenvolvidos: 2016-2017 Anos letivos anteriores: 2015-2016 ; 2014-2015 ; 2013-2014 ; 2012-2013 ; [&hellip;]<\/p>\n","protected":false},"author":282,"featured_media":0,"parent":20,"menu_order":0,"comment_status":"closed","ping_status":"closed","template":"","meta":{"_monsterinsights_skip_tracking":false,"_monsterinsights_sitenote_active":false,"_monsterinsights_sitenote_note":"","_monsterinsights_sitenote_category":0,"footnotes":""},"class_list":["post-60","page","type-page","status-publish","hentry"],"_links":{"self":[{"href":"https:\/\/sites.uac.pt\/mea\/wp-json\/wp\/v2\/pages\/60","targetHints":{"allow":["GET"]}}],"collection":[{"href":"https:\/\/sites.uac.pt\/mea\/wp-json\/wp\/v2\/pages"}],"about":[{"href":"https:\/\/sites.uac.pt\/mea\/wp-json\/wp\/v2\/types\/page"}],"author":[{"embeddable":true,"href":"https:\/\/sites.uac.pt\/mea\/wp-json\/wp\/v2\/users\/282"}],"replies":[{"embeddable":true,"href":"https:\/\/sites.uac.pt\/mea\/wp-json\/wp\/v2\/comments?post=60"}],"version-history":[{"count":35,"href":"https:\/\/sites.uac.pt\/mea\/wp-json\/wp\/v2\/pages\/60\/revisions"}],"predecessor-version":[{"id":1495,"href":"https:\/\/sites.uac.pt\/mea\/wp-json\/wp\/v2\/pages\/60\/revisions\/1495"}],"up":[{"embeddable":true,"href":"https:\/\/sites.uac.pt\/mea\/wp-json\/wp\/v2\/pages\/20"}],"wp:attachment":[{"href":"https:\/\/sites.uac.pt\/mea\/wp-json\/wp\/v2\/media?parent=60"}],"curies":[{"name":"wp","href":"https:\/\/api.w.org\/{rel}","templated":true}]}}