{"id":50,"date":"2012-12-24T17:25:04","date_gmt":"2012-12-24T17:25:04","guid":{"rendered":"http:\/\/sites.uac.pt\/mea\/?page_id=50"},"modified":"2015-01-02T12:51:00","modified_gmt":"2015-01-02T12:51:00","slug":"hpm","status":"publish","type":"page","link":"https:\/\/sites.uac.pt\/mea\/iniciativas\/hpm\/","title":{"rendered":"Hist\u00f3ria do Pensamento Matem\u00e1tico"},"content":{"rendered":"<p><img loading=\"lazy\" decoding=\"async\" class=\"alignleft size-thumbnail wp-image-57\" style=\"margin-left: 0px;margin-right: 10px\" src=\"http:\/\/sites.uac.pt\/mea\/files\/2012\/12\/hmelo-150x150.jpg\" alt=\"hmelo\" width=\"150\" height=\"150\" \/><\/p>\n<p><strong> <\/strong><br \/>\n<strong> <\/strong><\/p>\n<p>Aprecie alguns trabalhos desenvolvidos pelos alunos do\u00a0ciclo de estudos\u00a0em Educa\u00e7\u00e3o B\u00e1sica, curso de licenciatura do Departamento de Ci\u00eancias da Educa\u00e7\u00e3o da Universidade dos A\u00e7ores, na unidade curricular <span style=\"font-style: italic\">Hist\u00f3ria do Pensamento Matem\u00e1tico<\/span>, da responsabilidade de Helena Sousa Melo.<\/p>\n<p><strong>Trabalhos desenvolvidos:<\/strong> Em constru\u00e7\u00e3o.<\/p>\n","protected":false},"excerpt":{"rendered":"<p>Aprecie alguns trabalhos desenvolvidos pelos alunos do\u00a0ciclo de estudos\u00a0em Educa\u00e7\u00e3o B\u00e1sica, curso de licenciatura do Departamento de Ci\u00eancias da Educa\u00e7\u00e3o da Universidade dos A\u00e7ores, na unidade curricular Hist\u00f3ria do Pensamento Matem\u00e1tico, da responsabilidade de Helena Sousa Melo. Trabalhos desenvolvidos: Em constru\u00e7\u00e3o.<\/p>\n","protected":false},"author":282,"featured_media":0,"parent":20,"menu_order":0,"comment_status":"closed","ping_status":"closed","template":"","meta":{"_monsterinsights_skip_tracking":false,"_monsterinsights_sitenote_active":false,"_monsterinsights_sitenote_note":"","_monsterinsights_sitenote_category":0,"footnotes":""},"class_list":["post-50","page","type-page","status-publish","hentry"],"_links":{"self":[{"href":"https:\/\/sites.uac.pt\/mea\/wp-json\/wp\/v2\/pages\/50","targetHints":{"allow":["GET"]}}],"collection":[{"href":"https:\/\/sites.uac.pt\/mea\/wp-json\/wp\/v2\/pages"}],"about":[{"href":"https:\/\/sites.uac.pt\/mea\/wp-json\/wp\/v2\/types\/page"}],"author":[{"embeddable":true,"href":"https:\/\/sites.uac.pt\/mea\/wp-json\/wp\/v2\/users\/282"}],"replies":[{"embeddable":true,"href":"https:\/\/sites.uac.pt\/mea\/wp-json\/wp\/v2\/comments?post=50"}],"version-history":[{"count":20,"href":"https:\/\/sites.uac.pt\/mea\/wp-json\/wp\/v2\/pages\/50\/revisions"}],"predecessor-version":[{"id":984,"href":"https:\/\/sites.uac.pt\/mea\/wp-json\/wp\/v2\/pages\/50\/revisions\/984"}],"up":[{"embeddable":true,"href":"https:\/\/sites.uac.pt\/mea\/wp-json\/wp\/v2\/pages\/20"}],"wp:attachment":[{"href":"https:\/\/sites.uac.pt\/mea\/wp-json\/wp\/v2\/media?parent=50"}],"curies":[{"name":"wp","href":"https:\/\/api.w.org\/{rel}","templated":true}]}}