{"id":24,"date":"2012-12-24T15:17:23","date_gmt":"2012-12-24T15:17:23","guid":{"rendered":"http:\/\/sites.uac.pt\/mea\/?page_id=24"},"modified":"2016-06-02T01:31:04","modified_gmt":"2016-06-02T00:31:04","slug":"matemagicolandia","status":"publish","type":"page","link":"https:\/\/sites.uac.pt\/mea\/iniciativas\/matemagicolandia\/","title":{"rendered":"Matemagicol\u00e2ndia"},"content":{"rendered":"<p><span><img loading=\"lazy\" decoding=\"async\" class=\"alignleft size-full wp-image-35\" style=\"margin-left: 0px;margin-right: 10px\" src=\"http:\/\/sites.uac.pt\/mea\/files\/2012\/12\/Mascote-matemagicol\u00e2ndia1.jpg\" alt=\"Mascote matemagicol\u00e2ndia\" width=\"186\" height=\"258\" \/><\/span><\/p>\n<p><strong><\/strong><br \/>\n<span>Esta iniciativa\u00a0pretende promover o gosto pela Matem\u00e1tica nas crian\u00e7as a frequentar a educa\u00e7\u00e3o pr\u00e9-escolar ou o 1.\u00ba ciclo do ensino\u00a0b\u00e1sico, atrav\u00e9s da dinamiza\u00e7\u00e3o de uma s\u00e9rie de atividades destinadas a comemorar o Dia Mundial da Crian\u00e7a.<\/span><\/p>\n<p><span>Os mais jovens t\u00eam a oportunidade de manipular, experimentar e viver situa\u00e7\u00f5es onde a Matem\u00e1tica est\u00e1 presente. Atrav\u00e9s de diversos materiais did\u00e1ticos, as crian\u00e7as utilizam a Matem\u00e1tica de uma forma din\u00e2mica e apelativa, promovendo em simult\u00e2neo um ambiente did\u00e1tico que envolve interativamente crian\u00e7as, educadores, professores, encarregados de educa\u00e7\u00e3o e p\u00fablico em geral.<\/span><\/p>\n<p><strong><span>Comiss\u00e3o Organizadora:<\/span><\/strong><\/p>\n<p>Helena Sousa Melo, Departamento de Matem\u00e1tica da Universidade dos A\u00e7ores<\/p>\n<p>Ricardo Cunha Teixeira, Departamento de Matem\u00e1tica da Universidade dos A\u00e7ores<\/p>\n<p><a href=\"https:\/\/goo.gl\/photos\/dmAbnVLkFbGDUTow7\" target=\"_blank\"><strong>Reportagem fotogr\u00e1fica da edi\u00e7\u00e3o de 2016 em Ponta Delgada<\/strong><\/a><\/p>\n<p><a href=\"https:\/\/goo.gl\/photos\/B7XZyGcprJWRcJy47\" target=\"_blank\"><strong>Reportagem fotogr\u00e1fica da edi\u00e7\u00e3o de 2015 em Ponta Delgada<\/strong><\/a><\/p>\n<p><a href=\"https:\/\/plus.google.com\/photos\/112423730399471856877\/albums\/6020454761306581137?authkey=CPmo5O629qn2BA\" target=\"_blank\"><strong>Reportagem fotogr\u00e1fica da edi\u00e7\u00e3o de 2014 em Ponta Delgada<\/strong><\/a><\/p>\n<p><a href=\"https:\/\/plus.google.com\/photos\/112423730399471856877\/albums\/5885269257153275153?authkey=CPPclpXAnICjEg\" target=\"_blank\"><strong>Reportagem fotogr\u00e1fica da edi\u00e7\u00e3o de 2013 em Ponta Delgada<\/strong><\/a><\/p>\n<p><strong><a href=\"http:\/\/www.matematicarecreativa.uac.pt\/Matemagicolandia.html\" target=\"_blank\">Reportagens fotogr\u00e1ficas e comiss\u00f5es organizadoras locais (entre 2009 e 2012)<br \/>\n<\/a><\/strong><\/p>\n","protected":false},"excerpt":{"rendered":"<p>Esta iniciativa\u00a0pretende promover o gosto pela Matem\u00e1tica nas crian\u00e7as a frequentar a educa\u00e7\u00e3o pr\u00e9-escolar ou o 1.\u00ba ciclo do ensino\u00a0b\u00e1sico, atrav\u00e9s da dinamiza\u00e7\u00e3o de uma s\u00e9rie de atividades destinadas a comemorar o Dia Mundial da Crian\u00e7a. Os mais jovens t\u00eam a oportunidade de manipular, experimentar e viver situa\u00e7\u00f5es onde a Matem\u00e1tica est\u00e1 presente. Atrav\u00e9s de [&hellip;]<\/p>\n","protected":false},"author":282,"featured_media":0,"parent":20,"menu_order":0,"comment_status":"closed","ping_status":"closed","template":"","meta":{"_monsterinsights_skip_tracking":false,"_monsterinsights_sitenote_active":false,"_monsterinsights_sitenote_note":"","_monsterinsights_sitenote_category":0,"footnotes":""},"class_list":["post-24","page","type-page","status-publish","hentry"],"_links":{"self":[{"href":"https:\/\/sites.uac.pt\/mea\/wp-json\/wp\/v2\/pages\/24","targetHints":{"allow":["GET"]}}],"collection":[{"href":"https:\/\/sites.uac.pt\/mea\/wp-json\/wp\/v2\/pages"}],"about":[{"href":"https:\/\/sites.uac.pt\/mea\/wp-json\/wp\/v2\/types\/page"}],"author":[{"embeddable":true,"href":"https:\/\/sites.uac.pt\/mea\/wp-json\/wp\/v2\/users\/282"}],"replies":[{"embeddable":true,"href":"https:\/\/sites.uac.pt\/mea\/wp-json\/wp\/v2\/comments?post=24"}],"version-history":[{"count":23,"href":"https:\/\/sites.uac.pt\/mea\/wp-json\/wp\/v2\/pages\/24\/revisions"}],"predecessor-version":[{"id":27,"href":"https:\/\/sites.uac.pt\/mea\/wp-json\/wp\/v2\/pages\/24\/revisions\/27"}],"up":[{"embeddable":true,"href":"https:\/\/sites.uac.pt\/mea\/wp-json\/wp\/v2\/pages\/20"}],"wp:attachment":[{"href":"https:\/\/sites.uac.pt\/mea\/wp-json\/wp\/v2\/media?parent=24"}],"curies":[{"name":"wp","href":"https:\/\/api.w.org\/{rel}","templated":true}]}}