{"id":1408,"date":"2021-08-17T21:36:02","date_gmt":"2021-08-17T20:36:02","guid":{"rendered":"http:\/\/sites.uac.pt\/mea\/?page_id=1408"},"modified":"2021-08-18T00:24:01","modified_gmt":"2021-08-17T23:24:01","slug":"mat-t1","status":"publish","type":"page","link":"https:\/\/sites.uac.pt\/mea\/mat-t1\/","title":{"rendered":"Sess\u00f5es \u201cMatem\u00e1tica Passo a Passo\u201d \u2013 Aprender em Casa (temporada 1)"},"content":{"rendered":"\n<p><strong>Semana 1:<\/strong> <a href=\"https:\/\/drive.google.com\/file\/d\/1DefzJcJZkkeFcCbhDUavS10JJRE3hWFY\/view?usp=sharing\" target=\"_blank\" rel=\"noreferrer noopener\">Programa\u00e7\u00e3o<\/a><\/p>\n\n\n\n<p><a href=\"https:\/\/www.rtp.pt\/play\/p7198\/e468165\/aprenderemcasa\" target=\"_blank\" rel=\"noreferrer noopener\">Epis\u00f3dio 1<\/a> &#8212; <a href=\"https:\/\/www.rtp.pt\/play\/p7198\/e468194\/aprenderemcasa\" target=\"_blank\" rel=\"noreferrer noopener\">Epis\u00f3dio 2<\/a> &#8212; <a href=\"https:\/\/www.rtp.pt\/play\/p7198\/e468410\/aprenderemcasa\" target=\"_blank\" rel=\"noreferrer noopener\">Epis\u00f3dio 3<\/a> &#8212; <a href=\"https:\/\/www.rtp.pt\/play\/p7198\/e468632\/aprenderemcasa\" target=\"_blank\" rel=\"noreferrer noopener\">Epis\u00f3dio 4<\/a> &#8212; <a href=\"https:\/\/www.rtp.pt\/play\/p7198\/e468850\/aprenderemcasa\" target=\"_blank\" rel=\"noreferrer noopener\">Epis\u00f3dio 5<\/a><\/p>\n\n\n\n<p><\/p>\n\n\n\n<p><strong>Semana 2:<\/strong> <a href=\"https:\/\/drive.google.com\/file\/d\/1fA43gIEBqDZYaCqt--TqlKNS25x6HS0b\/view?usp=sharing\" target=\"_blank\" rel=\"noreferrer noopener\">Programa\u00e7\u00e3o<\/a><\/p>\n\n\n\n<p><a href=\"https:\/\/www.facebook.com\/watch\/live\/?v=2367181776908380&amp;ref=watch_permalink\" target=\"_blank\" rel=\"noreferrer noopener\">Epis\u00f3dio 6<\/a> &#8212; <a href=\"https:\/\/www.facebook.com\/watch\/live\/?v=1962222180569127&amp;ref=watch_permalink\" target=\"_blank\" rel=\"noreferrer noopener\">Epis\u00f3dio 7<\/a> &#8212; <a href=\"https:\/\/www.facebook.com\/watch\/live\/?v=1093235164376192&amp;ref=watch_permalink\" target=\"_blank\" rel=\"noreferrer noopener\">Epis\u00f3dio 8<\/a> &#8212; <a href=\"https:\/\/www.facebook.com\/watch\/live\/?v=771685680031049&amp;ref=watch_permalink\" target=\"_blank\" rel=\"noreferrer noopener\">Epis\u00f3dio 9<\/a><\/p>\n\n\n\n<p><\/p>\n\n\n\n<p><strong>Semana 3:<\/strong> <a href=\"https:\/\/drive.google.com\/file\/d\/14d6RiqEs7qsw2dc5a4Zfuiyzo2I5cU-u\/view?usp=sharing\" target=\"_blank\" rel=\"noreferrer noopener\">Programa\u00e7\u00e3o<\/a><\/p>\n\n\n\n<p><a rel=\"noreferrer noopener\" href=\"https:\/\/www.facebook.com\/watch\/live\/?v=1598678360279512&amp;ref=watch_permalink\" target=\"_blank\">Epis\u00f3dio 10<\/a> &#8212; <a href=\"https:\/\/www.facebook.com\/watch\/live\/?v=608373749888823&amp;ref=watch_permalink\" target=\"_blank\" rel=\"noreferrer noopener\">Epis\u00f3dio 11<\/a> &#8212; <a rel=\"noreferrer noopener\" href=\"https:\/\/www.facebook.com\/watch\/live\/?v=297150827943119&amp;ref=watch_permalink\" target=\"_blank\">Epis\u00f3dio 12<\/a> &#8212; <a rel=\"noreferrer noopener\" href=\"https:\/\/www.facebook.com\/watch\/live\/?v=235772770837480&amp;ref=watch_permalink\" target=\"_blank\">Epis\u00f3dio 13<\/a> &#8212; <a rel=\"noreferrer noopener\" href=\"https:\/\/www.facebook.com\/watch\/live\/?v=235854830976427&amp;ref=watch_permalink\" target=\"_blank\">Epis\u00f3dio 14<\/a><\/p>\n\n\n\n<p><\/p>\n\n\n\n<p><strong>Semana 4:<\/strong> <a href=\"https:\/\/drive.google.com\/file\/d\/1CKowAe3nFSFCgKRgJm7waxxD5uFEMc90\/view?usp=sharing\" target=\"_blank\" rel=\"noreferrer noopener\">Programa\u00e7\u00e3o<\/a><\/p>\n\n\n\n<p><a href=\"https:\/\/www.facebook.com\/watch\/live\/?v=247508359649020&amp;ref=watch_permalink\" target=\"_blank\" rel=\"noreferrer noopener\">Epis\u00f3dio 15<\/a> &#8212; <a href=\"https:\/\/www.facebook.com\/watch\/live\/?v=1164982337176173&amp;ref=watch_permalink\" target=\"_blank\" rel=\"noreferrer noopener\">Epis\u00f3dio 16<\/a> &#8212; <a href=\"https:\/\/www.facebook.com\/watch\/live\/?v=694713774690399&amp;ref=watch_permalink\" target=\"_blank\" rel=\"noreferrer noopener\">Epis\u00f3dio 17<\/a> &#8212; <a href=\"https:\/\/www.facebook.com\/watch\/live\/?v=720680962072617&amp;ref=watch_permalink\" target=\"_blank\" rel=\"noreferrer noopener\">Epis\u00f3dio 18<\/a> &#8212; <a href=\"https:\/\/www.facebook.com\/watch\/live\/?v=877945476030670&amp;ref=watch_permalink\" target=\"_blank\" rel=\"noreferrer noopener\">Epis\u00f3dio 19<\/a><\/p>\n\n\n\n<p><\/p>\n\n\n\n<p><strong>Semana 5:<\/strong> <a href=\"https:\/\/drive.google.com\/file\/d\/1CvMcSS9tYNmvYrBYqouKEm5yoszWsD5_\/view?usp=sharing\" target=\"_blank\" rel=\"noreferrer noopener\">Programa\u00e7\u00e3o<\/a><\/p>\n\n\n\n<p><a href=\"https:\/\/www.facebook.com\/watch\/live\/?v=170951194314710&amp;ref=watch_permalink\" target=\"_blank\" rel=\"noreferrer noopener\">Epis\u00f3dio 20<\/a> &#8212; <a href=\"https:\/\/www.facebook.com\/watch\/live\/?v=379609706283925&amp;ref=watch_permalink\" target=\"_blank\" rel=\"noreferrer noopener\">Epis\u00f3dio 21<\/a> &#8212; <a href=\"https:\/\/www.facebook.com\/watch\/live\/?v=241471343774295&amp;ref=watch_permalink\" target=\"_blank\" rel=\"noreferrer noopener\">Epis\u00f3dio 22<\/a> &#8212; <a href=\"https:\/\/www.facebook.com\/watch\/live\/?v=246081829995139&amp;ref=watch_permalink\" target=\"_blank\" rel=\"noreferrer noopener\">Epis\u00f3dio 23<\/a> &#8212; <a href=\"https:\/\/www.facebook.com\/watch\/live\/?v=1134067420319667&amp;ref=watch_permalink\" target=\"_blank\" rel=\"noreferrer noopener\">Epis\u00f3dio 24<\/a><\/p>\n\n\n\n<p><\/p>\n\n\n\n<p><strong>Semana 6:<\/strong> <a href=\"https:\/\/drive.google.com\/file\/d\/1gpqz2sqri91QMqOe3Q58YTj-2TW8c7sv\/view?usp=sharing\" target=\"_blank\" rel=\"noreferrer noopener\">Programa\u00e7\u00e3o<\/a><\/p>\n\n\n\n<p><a href=\"https:\/\/www.facebook.com\/watch\/live\/?v=271696304197180&amp;ref=watch_permalink\" target=\"_blank\" rel=\"noreferrer noopener\">Epis\u00f3dio 25<\/a> &#8212; <a href=\"https:\/\/www.facebook.com\/watch\/live\/?v=253147809088277&amp;ref=watch_permalink\" target=\"_blank\" rel=\"noreferrer noopener\">Epis\u00f3dio 26<\/a> &#8212; <a href=\"https:\/\/www.facebook.com\/watch\/live\/?v=2627827520822494&amp;ref=watch_permalink\" target=\"_blank\" rel=\"noreferrer noopener\">Epis\u00f3dio 27<\/a> &#8212; <a href=\"https:\/\/www.facebook.com\/watch\/live\/?v=605704070295983&amp;ref=watch_permalink\" target=\"_blank\" rel=\"noreferrer noopener\">Epis\u00f3dio 28<\/a> &#8212; <a href=\"https:\/\/www.facebook.com\/watch\/live\/?v=256325445445252&amp;ref=watch_permalink\" target=\"_blank\" rel=\"noreferrer noopener\">Epis\u00f3dio 29<\/a><\/p>\n\n\n\n<p><\/p>\n\n\n\n<p><strong>Semana 7:<\/strong> <a href=\"https:\/\/drive.google.com\/file\/d\/1QsA0-zaQMBXGYqWtc26XVwu2Sr2OI96z\/view?usp=sharing\" target=\"_blank\" rel=\"noreferrer noopener\">Programa\u00e7\u00e3o<\/a><\/p>\n\n\n\n<p><a href=\"https:\/\/www.facebook.com\/watch\/live\/?v=300398960983128&amp;ref=watch_permalink\" target=\"_blank\" rel=\"noreferrer noopener\">Epis\u00f3dio 30<\/a> &#8212; <a href=\"https:\/\/www.facebook.com\/watch\/live\/?v=240401147261930&amp;ref=watch_permalink\" target=\"_blank\" rel=\"noreferrer noopener\">Epis\u00f3dio 31<\/a> &#8212; <a href=\"https:\/\/www.facebook.com\/watch\/live\/?v=625067988081352&amp;ref=watch_permalink\" target=\"_blank\" rel=\"noreferrer noopener\">Epis\u00f3dio 32<\/a> &#8212; <a href=\"https:\/\/www.facebook.com\/watch\/live\/?v=389831705245046&amp;ref=watch_permalink\" target=\"_blank\" rel=\"noreferrer noopener\">Epis\u00f3dio 33<\/a> <\/p>\n\n\n\n<p><\/p>\n\n\n\n<p><strong>Semana 8:<\/strong> <a href=\"https:\/\/drive.google.com\/file\/d\/1ySiq541wcOy6INjXZbbgOIQXBXM--ONA\/view?usp=sharing\" target=\"_blank\" rel=\"noreferrer noopener\">Programa\u00e7\u00e3o<\/a><\/p>\n\n\n\n<p><a href=\"https:\/\/www.facebook.com\/watch\/live\/?v=257884792159329&amp;ref=watch_permalink\" target=\"_blank\" rel=\"noreferrer noopener\">Epis\u00f3dio 34<\/a> &#8212; <a href=\"https:\/\/www.facebook.com\/watch\/live\/?v=260083231738492&amp;ref=watch_permalink\" target=\"_blank\" rel=\"noreferrer noopener\">Epis\u00f3dio 35<\/a> &#8212; <a href=\"https:\/\/www.facebook.com\/watch\/live\/?v=544073643143931&amp;ref=watch_permalink\" target=\"_blank\" rel=\"noreferrer noopener\">Epis\u00f3dio 36<\/a> <\/p>\n\n\n\n<p><\/p>\n\n\n\n<p><strong>Semana 9:<\/strong> <a href=\"https:\/\/drive.google.com\/file\/d\/1NpuW0AdWQw3me8uEPKSIsUlxy-nYC1DW\/view?usp=sharing\" target=\"_blank\" rel=\"noreferrer noopener\">Programa\u00e7\u00e3o<\/a><\/p>\n\n\n\n<p><a href=\"https:\/\/www.facebook.com\/watch\/live\/?v=1556952457821049&amp;ref=watch_permalink\" target=\"_blank\" rel=\"noreferrer noopener\">Epis\u00f3dio 37<\/a> &#8212; <a href=\"https:\/\/www.facebook.com\/watch\/live\/?v=644175416197577&amp;ref=watch_permalink\" target=\"_blank\" rel=\"noreferrer noopener\">Epis\u00f3dio 38<\/a> &#8212; <a href=\"https:\/\/www.facebook.com\/rtpacores\/posts\/2577205335876254\" target=\"_blank\" rel=\"noreferrer noopener\">Epis\u00f3dio 39<\/a> &#8212; <a href=\"https:\/\/www.facebook.com\/watch\/live\/?v=2687437704821744&amp;ref=watch_permalink\" target=\"_blank\" rel=\"noreferrer noopener\">Epis\u00f3dio 40<\/a> &#8212; <a href=\"https:\/\/www.facebook.com\/watch\/live\/?v=2672037783122799&amp;ref=watch_permalink\" target=\"_blank\" rel=\"noreferrer noopener\">Epis\u00f3dio 41<\/a><\/p>\n\n\n\n<p><\/p>\n\n\n\n<p><\/p>\n\n\n\n<p><strong>Todos os epis\u00f3dios na RTP Play:<\/strong> <a href=\"https:\/\/www.rtp.pt\/play\/p7198\/e479164\/aprenderemcasa\" target=\"_blank\" rel=\"noreferrer noopener\">Epis\u00f3dios 1 a 41<\/a> (20 de abril de 2020 a 19 de junho de 2020)<\/p>\n","protected":false},"excerpt":{"rendered":"<p>Semana 1: Programa\u00e7\u00e3o Epis\u00f3dio 1 &#8212; Epis\u00f3dio 2 &#8212; Epis\u00f3dio 3 &#8212; Epis\u00f3dio 4 &#8212; Epis\u00f3dio 5 Semana 2: Programa\u00e7\u00e3o Epis\u00f3dio 6 &#8212; Epis\u00f3dio 7 &#8212; Epis\u00f3dio 8 &#8212; Epis\u00f3dio 9 Semana 3: Programa\u00e7\u00e3o Epis\u00f3dio 10 &#8212; Epis\u00f3dio 11 &#8212; Epis\u00f3dio 12 &#8212; Epis\u00f3dio 13 &#8212; Epis\u00f3dio 14 Semana 4: Programa\u00e7\u00e3o Epis\u00f3dio 15 &#8212; Epis\u00f3dio [&hellip;]<\/p>\n","protected":false},"author":282,"featured_media":0,"parent":0,"menu_order":1,"comment_status":"closed","ping_status":"closed","template":"","meta":{"_monsterinsights_skip_tracking":false,"_monsterinsights_sitenote_active":false,"_monsterinsights_sitenote_note":"","_monsterinsights_sitenote_category":0,"footnotes":""},"class_list":["post-1408","page","type-page","status-publish","hentry"],"_links":{"self":[{"href":"https:\/\/sites.uac.pt\/mea\/wp-json\/wp\/v2\/pages\/1408","targetHints":{"allow":["GET"]}}],"collection":[{"href":"https:\/\/sites.uac.pt\/mea\/wp-json\/wp\/v2\/pages"}],"about":[{"href":"https:\/\/sites.uac.pt\/mea\/wp-json\/wp\/v2\/types\/page"}],"author":[{"embeddable":true,"href":"https:\/\/sites.uac.pt\/mea\/wp-json\/wp\/v2\/users\/282"}],"replies":[{"embeddable":true,"href":"https:\/\/sites.uac.pt\/mea\/wp-json\/wp\/v2\/comments?post=1408"}],"version-history":[{"count":59,"href":"https:\/\/sites.uac.pt\/mea\/wp-json\/wp\/v2\/pages\/1408\/revisions"}],"predecessor-version":[{"id":1471,"href":"https:\/\/sites.uac.pt\/mea\/wp-json\/wp\/v2\/pages\/1408\/revisions\/1471"}],"wp:attachment":[{"href":"https:\/\/sites.uac.pt\/mea\/wp-json\/wp\/v2\/media?parent=1408"}],"curies":[{"name":"wp","href":"https:\/\/api.w.org\/{rel}","templated":true}]}}