{"id":107,"date":"2012-12-25T13:13:42","date_gmt":"2012-12-25T13:13:42","guid":{"rendered":"http:\/\/sites.uac.pt\/mea\/?page_id=107"},"modified":"2014-01-03T21:48:06","modified_gmt":"2014-01-03T21:48:06","slug":"13-14","status":"publish","type":"page","link":"https:\/\/sites.uac.pt\/mea\/iniciativas\/hpm\/13-14\/","title":{"rendered":"Hist\u00f3ria do Pensamento Matem\u00e1tico 2013-2014"},"content":{"rendered":"<p>Em constru\u00e7\u00e3o&#8230;<\/p>\n","protected":false},"excerpt":{"rendered":"<p>Em constru\u00e7\u00e3o&#8230;<\/p>\n","protected":false},"author":282,"featured_media":0,"parent":50,"menu_order":0,"comment_status":"closed","ping_status":"closed","template":"","meta":{"_monsterinsights_skip_tracking":false,"_monsterinsights_sitenote_active":false,"_monsterinsights_sitenote_note":"","_monsterinsights_sitenote_category":0,"footnotes":""},"class_list":["post-107","page","type-page","status-publish","hentry"],"_links":{"self":[{"href":"https:\/\/sites.uac.pt\/mea\/wp-json\/wp\/v2\/pages\/107","targetHints":{"allow":["GET"]}}],"collection":[{"href":"https:\/\/sites.uac.pt\/mea\/wp-json\/wp\/v2\/pages"}],"about":[{"href":"https:\/\/sites.uac.pt\/mea\/wp-json\/wp\/v2\/types\/page"}],"author":[{"embeddable":true,"href":"https:\/\/sites.uac.pt\/mea\/wp-json\/wp\/v2\/users\/282"}],"replies":[{"embeddable":true,"href":"https:\/\/sites.uac.pt\/mea\/wp-json\/wp\/v2\/comments?post=107"}],"version-history":[{"count":3,"href":"https:\/\/sites.uac.pt\/mea\/wp-json\/wp\/v2\/pages\/107\/revisions"}],"predecessor-version":[{"id":596,"href":"https:\/\/sites.uac.pt\/mea\/wp-json\/wp\/v2\/pages\/107\/revisions\/596"}],"up":[{"embeddable":true,"href":"https:\/\/sites.uac.pt\/mea\/wp-json\/wp\/v2\/pages\/50"}],"wp:attachment":[{"href":"https:\/\/sites.uac.pt\/mea\/wp-json\/wp\/v2\/media?parent=107"}],"curies":[{"name":"wp","href":"https:\/\/api.w.org\/{rel}","templated":true}]}}