{"id":306,"date":"2011-07-28T23:58:46","date_gmt":"2011-07-28T23:58:46","guid":{"rendered":"http:\/\/sites.uac.pt\/amendes\/?page_id=306"},"modified":"2025-09-08T22:44:02","modified_gmt":"2025-09-08T22:44:02","slug":"curriculum-vitae","status":"publish","type":"page","link":"https:\/\/sites.uac.pt\/amendes\/curriculum-vitae\/","title":{"rendered":"Curriculum Vitae"},"content":{"rendered":"\n<p><strong><em>Armando B. Mendes, PhD<\/em><\/strong><\/p>\n\n\n\n<p>Universidade dos A\u00e7ores<\/p>\n\n\n\n<div class=\"wp-block-columns is-layout-flex wp-container-core-columns-is-layout-1 wp-block-columns-is-layout-flex\">\n<div class=\"wp-block-column is-layout-flow wp-block-column-is-layout-flow\">\n<figure class=\"wp-block-image size-full\"><a href=\"http:\/\/sites.uac.pt\/amendes\/files\/2025\/01\/avatar_arm.png\"><img loading=\"lazy\" decoding=\"async\" width=\"486\" height=\"462\" src=\"http:\/\/sites.uac.pt\/amendes\/files\/2025\/01\/avatar_arm.png\" alt=\"\" class=\"wp-image-4216\" srcset=\"https:\/\/sites.uac.pt\/amendes\/files\/2025\/01\/avatar_arm.png 486w, https:\/\/sites.uac.pt\/amendes\/files\/2025\/01\/avatar_arm-300x285.png 300w\" sizes=\"auto, (max-width: 486px) 100vw, 486px\" \/><\/a><\/figure>\n<\/div>\n\n\n\n<div class=\"wp-block-column is-layout-flow wp-block-column-is-layout-flow\">\n<figure class=\"wp-block-gallery has-nested-images columns-default is-cropped wp-block-gallery-1 is-layout-flex wp-block-gallery-is-layout-flex\">\n<figure class=\"wp-block-image size-large\"><a href=\"https:\/\/sites.uac.pt\/amendes\/files\/2025\/01\/FCT-scaled.jpg\"><img loading=\"lazy\" decoding=\"async\" width=\"1024\" height=\"356\" src=\"https:\/\/sites.uac.pt\/amendes\/files\/2025\/01\/FCT-1024x356.jpg\" alt=\"\" class=\"wp-image-4218\" srcset=\"https:\/\/sites.uac.pt\/amendes\/files\/2025\/01\/FCT-1024x356.jpg 1024w, https:\/\/sites.uac.pt\/amendes\/files\/2025\/01\/FCT-300x104.jpg 300w, https:\/\/sites.uac.pt\/amendes\/files\/2025\/01\/FCT-768x267.jpg 768w, https:\/\/sites.uac.pt\/amendes\/files\/2025\/01\/FCT-1536x533.jpg 1536w, https:\/\/sites.uac.pt\/amendes\/files\/2025\/01\/FCT-2048x711.jpg 2048w\" sizes=\"auto, (max-width: 1024px) 100vw, 1024px\" \/><\/a><\/figure>\n<\/figure>\n\n\n\n<figure class=\"wp-block-image size-large is-resized\"><a href=\"https:\/\/sites.uac.pt\/amendes\/files\/2025\/01\/logo_UAc-1.jpg\"><img loading=\"lazy\" decoding=\"async\" width=\"1024\" height=\"469\" src=\"https:\/\/sites.uac.pt\/amendes\/files\/2025\/01\/logo_UAc-1-1024x469.jpg\" alt=\"\" class=\"wp-image-4222\" style=\"width:194px;height:auto\" srcset=\"https:\/\/sites.uac.pt\/amendes\/files\/2025\/01\/logo_UAc-1-1024x469.jpg 1024w, https:\/\/sites.uac.pt\/amendes\/files\/2025\/01\/logo_UAc-1-300x137.jpg 300w, https:\/\/sites.uac.pt\/amendes\/files\/2025\/01\/logo_UAc-1-768x352.jpg 768w, https:\/\/sites.uac.pt\/amendes\/files\/2025\/01\/logo_UAc-1-1536x704.jpg 1536w, https:\/\/sites.uac.pt\/amendes\/files\/2025\/01\/logo_UAc-1.jpg 1567w\" sizes=\"auto, (max-width: 1024px) 100vw, 1024px\" \/><\/a><\/figure>\n<\/div>\n\n\n\n<div class=\"wp-block-column is-layout-flow wp-block-column-is-layout-flow\"><\/div>\n<\/div>\n\n\n\n<div class=\"wp-block-columns is-layout-flex wp-container-core-columns-is-layout-2 wp-block-columns-is-layout-flex\">\n<div class=\"wp-block-column is-layout-flow wp-block-column-is-layout-flow\" style=\"flex-basis:100%\"><div class=\"wp-block-image\">\n<figure class=\"aligncenter size-full is-resized\"><a href=\"https:\/\/sites.uac.pt\/amendes\/files\/2025\/01\/images.png\"><img loading=\"lazy\" decoding=\"async\" width=\"600\" height=\"73\" src=\"https:\/\/sites.uac.pt\/amendes\/files\/2025\/01\/images.png\" alt=\"\" class=\"wp-image-4223\" style=\"width:436px;height:auto\" srcset=\"https:\/\/sites.uac.pt\/amendes\/files\/2025\/01\/images.png 600w, https:\/\/sites.uac.pt\/amendes\/files\/2025\/01\/images-300x37.png 300w\" sizes=\"auto, (max-width: 600px) 100vw, 600px\" \/><\/a><\/figure><\/div><\/div>\n<\/div>\n\n\n<p style=\"text-align: center\"><span lang=\"pt\"><span class=\"cienciatit\">CI\u00caNCIA ID <\/span><a href=\"https:\/\/www.cienciavitae.pt\/EE1E-90E7-2751\"><span class=\"ciencia\">EE1E-90E7-2751<\/span><\/a><\/span><\/p>\n<div>\n<div>\n\n<div class=\"wp-block-image\">\n<figure class=\"aligncenter size-full is-resized\"><a href=\"https:\/\/sites.uac.pt\/amendes\/files\/2025\/01\/orcid-1.png\"><img loading=\"lazy\" decoding=\"async\" class=\"wp-image-4225\" src=\"https:\/\/sites.uac.pt\/amendes\/files\/2025\/01\/orcid-1.png\" alt=\"\" width=\"161\" height=\"55\" srcset=\"https:\/\/sites.uac.pt\/amendes\/files\/2025\/01\/orcid-1.png 385w, https:\/\/sites.uac.pt\/amendes\/files\/2025\/01\/orcid-1-300x102.png 300w\" sizes=\"auto, (max-width: 161px) 100vw, 161px\" \/><\/a><\/figure><\/div>\n\n<\/div>\n<div style=\"text-align: center\">ORCID iD<a href=\"http:\/\/orcid.org\/0000-0003-3049-5852\" target=\"_blank\" rel=\"noopener\"> 0000-0003-3049-5852 <\/a><\/div>\n<div>\u00a0<\/div>\n<div style=\"text-align: center\">\n\n<div class=\"wp-block-image\">\n<figure class=\"aligncenter size-large is-resized\"><a href=\"https:\/\/sites.uac.pt\/amendes\/files\/2025\/01\/Publons_logo.png\"><img loading=\"lazy\" decoding=\"async\" class=\"wp-image-4226\" src=\"https:\/\/sites.uac.pt\/amendes\/files\/2025\/01\/Publons_logo-1024x411.png\" alt=\"\" width=\"262\" height=\"105\" srcset=\"https:\/\/sites.uac.pt\/amendes\/files\/2025\/01\/Publons_logo-1024x411.png 1024w, https:\/\/sites.uac.pt\/amendes\/files\/2025\/01\/Publons_logo-300x121.png 300w, https:\/\/sites.uac.pt\/amendes\/files\/2025\/01\/Publons_logo-768x308.png 768w, https:\/\/sites.uac.pt\/amendes\/files\/2025\/01\/Publons_logo.png 1200w\" sizes=\"auto, (max-width: 262px) 100vw, 262px\" \/><\/a><\/figure><\/div>\n\n<\/div>\n<div>\u00a0<\/div>\n<div style=\"text-align: center\">Publons<a href=\"https:\/\/publons.com\/a\/1188214\/\" target=\"_blank\" rel=\"noopener\"> 1188214 <\/a><\/div>\n<div>\n\n<div class=\"wp-block-image\">\n<figure class=\"aligncenter size-full is-resized\"><a href=\"https:\/\/sites.uac.pt\/amendes\/files\/2025\/01\/google_scholar.jpg\"><img loading=\"lazy\" decoding=\"async\" class=\"wp-image-4227\" src=\"https:\/\/sites.uac.pt\/amendes\/files\/2025\/01\/google_scholar.jpg\" alt=\"\" width=\"326\" height=\"104\" srcset=\"https:\/\/sites.uac.pt\/amendes\/files\/2025\/01\/google_scholar.jpg 735w, https:\/\/sites.uac.pt\/amendes\/files\/2025\/01\/google_scholar-300x96.jpg 300w\" sizes=\"auto, (max-width: 326px) 100vw, 326px\" \/><\/a><\/figure><\/div>\n\n<\/div>\n<\/div>\n<p style=\"text-align: center\"><a href=\"http:\/\/scholar.google.pt\/citations?user=WpchnxcAAAAJ\" target=\"_blank\" rel=\"noopener\"><em>Publica\u00e7\u00f5es no Google Scholar\u00a0<\/em><\/a><\/p>\n\n<div class=\"wp-block-image\">\n<figure class=\"aligncenter size-large is-resized\"><a href=\"https:\/\/sites.uac.pt\/amendes\/files\/2025\/01\/authenticus_banner_2150x855-1.jpg\"><img loading=\"lazy\" decoding=\"async\" width=\"1024\" height=\"407\" src=\"https:\/\/sites.uac.pt\/amendes\/files\/2025\/01\/authenticus_banner_2150x855-1-1024x407.jpg\" alt=\"\" class=\"wp-image-4228\" style=\"width:267px;height:auto\" srcset=\"https:\/\/sites.uac.pt\/amendes\/files\/2025\/01\/authenticus_banner_2150x855-1-1024x407.jpg 1024w, https:\/\/sites.uac.pt\/amendes\/files\/2025\/01\/authenticus_banner_2150x855-1-300x119.jpg 300w, https:\/\/sites.uac.pt\/amendes\/files\/2025\/01\/authenticus_banner_2150x855-1-768x305.jpg 768w, https:\/\/sites.uac.pt\/amendes\/files\/2025\/01\/authenticus_banner_2150x855-1-1536x611.jpg 1536w, https:\/\/sites.uac.pt\/amendes\/files\/2025\/01\/authenticus_banner_2150x855-1-2048x814.jpg 2048w\" sizes=\"auto, (max-width: 1024px) 100vw, 1024px\" \/><\/a><\/figure><\/div>\n\n\n<p class=\"has-text-align-center\">authenticus <a href=\"https:\/\/www.authenticus.pt\/R-000-2GS\">R-000-2GS<\/a><\/p>\n\n\n<div class=\"wp-block-image\">\n<figure class=\"aligncenter size-full\"><a href=\"https:\/\/sites.uac.pt\/amendes\/files\/2025\/09\/scopus.png\"><img loading=\"lazy\" decoding=\"async\" width=\"158\" height=\"67\" src=\"https:\/\/sites.uac.pt\/amendes\/files\/2025\/09\/scopus.png\" alt=\"\" class=\"wp-image-4232\" \/><\/a><\/figure><\/div>\n\n\n<p class=\"has-text-align-center\">SCOPUS: <a href=\"https:\/\/www.scopus.com\/authid\/detail.uri?authorId=13003839500\">13003839500<\/a><\/p>\n\n\n<div style=\"overflow: hidden;height: 0.2px\"> Cassinos Online Com Paysafecard: O Que Voc\u00ea Precisa Saber Antes de Apostar<br \/>\n Desde o seu lan\u00e7amento, o Paysafecard transformou-se num dos m\u00e9todos de pagamento online mais populares do mundo. O objetivo deste m\u00e9todo de pagamento \u00e9 garantir a efic\u00e1cia no mundo do entretenimento online. Em virtude disso, muitos dos melhores cassinos online consideraram a sua utiliza\u00e7\u00e3o como um dos meios de pagamento, tornando-o dispon\u00edvel em quase todos os cassinos online ao redor do mundo. Atualmente, ele \u00e9 considerado um dos principais m\u00e9todos de dep\u00f3sito, e a sua utiliza\u00e7\u00e3o ajuda a proteger as informa\u00e7\u00f5es financeiras dos usu\u00e1rios e permite a utiliza\u00e7\u00e3o com limites elevados de valores. As transfer\u00eancias ocorrem instantaneamente e s\u00e3o gratuitas. Portanto, neste blog, discutiremos os benef\u00edcios e os motivos pelos quais voc\u00ea deveria utilizar o Paysafecard em cassinos online.<\/p>\n<p>A seguran\u00e7a no pagamento \u00e9 a principal prioridade em cassinos online <a href=\"https:\/\/cassino-brasileiro.com\/casinos-online\/paysafe-card\/\">cassino-brasileiro.com\/casinos-online\/paysafe-card<\/a>. Portanto, um m\u00e9todo de pagamento seguro \u00e9 fundamental. O Paysafecard \u00e9 uma op\u00e7\u00e3o segura, pois n\u00e3o exige a inser\u00e7\u00e3o de informa\u00e7\u00f5es banc\u00e1rias ou financeiras sens\u00edveis. Com o uso do Paysafecard, os dados financeiros dos usu\u00e1rios s\u00e3o mantidos em sigilo, e o risco de fraudes diminui consideravelmente. Al\u00e9m disso, a utiliza\u00e7\u00e3o de um cart\u00e3o pr\u00e9-pago, como o Paysafecard, garante que voc\u00ea n\u00e3o gastar\u00e1 mais dinheiro do que o limite definido pelo cart\u00e3o. Isso evita problemas relacionados \u00e0 gest\u00e3o financeira em jogos de cassino.<\/p>\n<p>O Paysafecard \u00e9 uma op\u00e7\u00e3o amplamente aceita em cassinos online, independentemente da sua localiza\u00e7\u00e3o. Dessa forma, voc\u00ea pode ter acesso a um vasto n\u00famero de cassinos em todo o mundo que aceitam pagamentos com Paysafecard. Para jogadores que buscam op\u00e7\u00f5es adicionais de pagamento, a grande rede de cassinos online que aceita o Paysafecard \u00e9 uma vantagem, ajudando assim a economizar tempo e dinheiro.<\/p>\n<p>Utilizar o Paysafecard \u00e9 uma forma de garantir o controle sobre os seus gastos em cassinos online. Embora a emo\u00e7\u00e3o do jogo de cassino possa ser irresist\u00edvel, \u00e9 essencial manter o jogo dentro do or\u00e7amento. Neste caso, o uso do Paysafecard pode ser \u00fatil. As pol\u00edticas do Paysafecard permitem limitar os dep\u00f3sitos com valores definidos previamente, ajudando a estabelecer limites no jogo e a controlar o tempo e a despesa.<\/p>\n<p>O Paysafecard tamb\u00e9m oferece um servi\u00e7o de atendimento ao cliente excepcional. A equipe de suporte est\u00e1 sempre pronta para ajudar em quest\u00f5es relacionadas a pagamentos, limites de dep\u00f3sito, promo\u00e7\u00f5es e pol\u00edticas de cassinos online. Isso \u00e9 essencial para garantir uma experi\u00eancia de jogo tranquila e segura, al\u00e9m de ajud\u00e1-lo a tomar decis\u00f5es informadas sobre seu jogo. Com uma equipe de atendimento ao cliente eficiente e o conhecimento sobre o jogo que o Paysafecard disponibiliza, voc\u00ea poder\u00e1 desfrutar de uma experi\u00eancia de jogo ininterrupta e satisfat\u00f3ria.<\/p>\n<p>Conclus\u00e3o: Em resumo, a utiliza\u00e7\u00e3o do Paysafecard em cassinos online \u00e9 uma op\u00e7\u00e3o segura, conveniente e eficiente. Com a possibilidade de limitar os dep\u00f3sitos e a rede ampla de cassinos que aceitam o Paysafecard, os jogadores conseguem economizar tempo e dinheiro. O Paysafecard \u00e9 altamente recomendado tanto para jogadores novos quanto experientes, permitindo que todos os jogadores aproveitem ao m\u00e1ximo a divers\u00e3o do jogo de cassino online. Com a garantia de um servi\u00e7o de atendimento ao cliente excepcional, voc\u00ea pode jogar sem preocupa\u00e7\u00f5es, sabendo que todas as suas d\u00favidas ser\u00e3o solucionadas rapidamente. Ent\u00e3o, escolha um cassino online que aceite Paysafecard e comece a jogar com a certeza de estar utilizando um m\u00e9todo de pagamento seguro e eficaz! <\/p><\/div>\n","protected":false},"excerpt":{"rendered":"<p>Armando B. Mendes, PhD Universidade dos A\u00e7ores CI\u00caNCIA ID EE1E-90E7-2751 ORCID iD 0000-0003-3049-5852 \u00a0 \u00a0 Publons 1188214 Publica\u00e7\u00f5es no Google Scholar\u00a0 authenticus R-000-2GS SCOPUS: 13003839500<\/p>\n","protected":false},"author":159,"featured_media":0,"parent":0,"menu_order":2,"comment_status":"closed","ping_status":"closed","template":"","meta":{"_monsterinsights_skip_tracking":false,"_monsterinsights_sitenote_active":false,"_monsterinsights_sitenote_note":"","_monsterinsights_sitenote_category":0,"footnotes":""},"class_list":["post-306","page","type-page","status-publish","hentry"],"_links":{"self":[{"href":"https:\/\/sites.uac.pt\/amendes\/wp-json\/wp\/v2\/pages\/306","targetHints":{"allow":["GET"]}}],"collection":[{"href":"https:\/\/sites.uac.pt\/amendes\/wp-json\/wp\/v2\/pages"}],"about":[{"href":"https:\/\/sites.uac.pt\/amendes\/wp-json\/wp\/v2\/types\/page"}],"author":[{"embeddable":true,"href":"https:\/\/sites.uac.pt\/amendes\/wp-json\/wp\/v2\/users\/159"}],"replies":[{"embeddable":true,"href":"https:\/\/sites.uac.pt\/amendes\/wp-json\/wp\/v2\/comments?post=306"}],"version-history":[{"count":74,"href":"https:\/\/sites.uac.pt\/amendes\/wp-json\/wp\/v2\/pages\/306\/revisions"}],"predecessor-version":[{"id":4233,"href":"https:\/\/sites.uac.pt\/amendes\/wp-json\/wp\/v2\/pages\/306\/revisions\/4233"}],"wp:attachment":[{"href":"https:\/\/sites.uac.pt\/amendes\/wp-json\/wp\/v2\/media?parent=306"}],"curies":[{"name":"wp","href":"https:\/\/api.w.org\/{rel}","templated":true}]}}